{"id":6,"date":"2021-12-09T15:22:11","date_gmt":"2021-12-09T15:22:11","guid":{"rendered":"https:\/\/vefir.borgo.is\/amandasjofn\/?page_id=6"},"modified":"2021-12-13T14:10:18","modified_gmt":"2021-12-13T14:10:18","slug":"forsida","status":"publish","type":"page","link":"https:\/\/vefir.borgo.is\/amandasjofn\/","title":{"rendered":"fors\u00ed\u00f0a"},"content":{"rendered":"\t\t<div data-elementor-type=\"wp-page\" data-elementor-id=\"6\" class=\"elementor elementor-6\" data-elementor-settings=\"[]\">\n\t\t\t\t\t\t\t<div class=\"elementor-section-wrap\">\n\t\t\t\t\t\t\t<footer class=\"elementor-section elementor-top-section elementor-element elementor-element-7499c0d elementor-section-height-min-height elementor-section-boxed elementor-section-height-default elementor-section-items-middle\" data-id=\"7499c0d\" data-element_type=\"section\" data-settings=\"{&quot;background_background&quot;:&quot;classic&quot;}\">\n\t\t\t\t\t\t\t<div class=\"elementor-background-overlay\"><\/div>\n\t\t\t\t\t\t\t<div class=\"elementor-container elementor-column-gap-default\">\n\t\t\t\t\t<div class=\"elementor-column elementor-col-100 elementor-top-column elementor-element elementor-element-c49c39a\" data-id=\"c49c39a\" data-element_type=\"column\">\n\t\t\t<div class=\"elementor-widget-wrap elementor-element-populated\">\n\t\t\t\t\t\t\t\t<div class=\"elementor-element elementor-element-493b741 elementor-widget elementor-widget-heading\" data-id=\"493b741\" data-element_type=\"widget\" data-widget_type=\"heading.default\">\n\t\t\t\t<div class=\"elementor-widget-container\">\n\t\t\t<h2 class=\"elementor-heading-title elementor-size-large\">Amanda Sj\u00f6fn Fr\u00f3\u00f0ad\u00f3ttir\n\n\n<\/h2>\t\t<\/div>\n\t\t\t\t<\/div>\n\t\t\t\t\t<\/div>\n\t\t<\/div>\n\t\t\t\t\t\t\t<\/div>\n\t\t<\/footer>\n\t\t\t\t<section class=\"elementor-section elementor-top-section elementor-element elementor-element-02f3350 elementor-section-boxed elementor-section-height-default elementor-section-height-default\" data-id=\"02f3350\" data-element_type=\"section\">\n\t\t\t\t\t\t<div class=\"elementor-container elementor-column-gap-default\">\n\t\t\t\t\t<div class=\"elementor-column elementor-col-50 elementor-top-column elementor-element elementor-element-7ca8834\" data-id=\"7ca8834\" data-element_type=\"column\">\n\t\t\t<div class=\"elementor-widget-wrap elementor-element-populated\">\n\t\t\t\t\t\t\t\t<div class=\"elementor-element elementor-element-1c55bb3 elementor-widget elementor-widget-spacer\" data-id=\"1c55bb3\" data-element_type=\"widget\" data-widget_type=\"spacer.default\">\n\t\t\t\t<div class=\"elementor-widget-container\">\n\t\t\t\t\t<div class=\"elementor-spacer\">\n\t\t\t<div class=\"elementor-spacer-inner\"><\/div>\n\t\t<\/div>\n\t\t\t\t<\/div>\n\t\t\t\t<\/div>\n\t\t\t\t<div class=\"elementor-element elementor-element-da3f317 elementor-widget elementor-widget-powerfolio_gallery\" data-id=\"da3f317\" data-element_type=\"widget\" data-widget_type=\"powerfolio_gallery.default\">\n\t\t\t\t<div class=\"elementor-widget-container\">\n\t\t\t<div class=\"elpt-portfolio\"><div class=\"elpt-portfolio-filter\"><button class=\"portfolio-filter-item item-active\" data-filter=\"*\" style=\"background-color:;\">All<\/button><button class=\"portfolio-filter-item\" style=\"background-color:;\" data-filter=\".elemenfoliocategory-b\u00e6kur\">B\u00e6kur<\/button><button class=\"portfolio-filter-item\" style=\"background-color:;\" data-filter=\".elemenfoliocategory-l\u00f3g\u00f3\">L\u00f3g\u00f3<\/button><button class=\"portfolio-filter-item\" style=\"background-color:;\" data-filter=\".elemenfoliocategory-plakat\">Plakat<\/button><button class=\"portfolio-filter-item\" style=\"background-color:;\" data-filter=\".elemenfoliocategory-teikningar\">Teikningar<\/button><button class=\"portfolio-filter-item\" style=\"background-color:;\" data-filter=\".elemenfoliocategory-vefs\u00ed\u00f0a\">Vefs\u00ed\u00f0a<\/button><button class=\"portfolio-filter-item\" style=\"background-color:;\" data-filter=\".elemenfoliocategory-skissur\">skissur<\/button><\/div><div class=\"elpt-portfolio-content elpt-portfolio-content-isotope elpt-portfolio-style-masonry  simple elpt-portfolio-columns-3 elpt-portfolio-margin\"><div class=\"portfolio-item-wrapper  elemenfoliocategory-vefs\u00ed\u00f0a\"><a href=\"https:\/\/vefir.borgo.is\/amandasjofn\/wp-content\/uploads\/2021\/12\/kertasnikir-amanda.jpg\" class=\"portfolio-item elpt-portfolio-lightbox\" rel=&quot;elpt-portfolio&quot; style=\"background-image: url(https:\/\/vefir.borgo.is\/amandasjofn\/wp-content\/uploads\/2021\/12\/kertasnikir-amanda.jpg)\" title=\"fors\u00ed\u00f0a\"  ><img decoding=\"async\" src=\"https:\/\/vefir.borgo.is\/amandasjofn\/wp-content\/uploads\/2021\/12\/kertasnikir-amanda.jpg\" title=\"Kertasn\u00edkir\" alt=\"Kertasn\u00edkir\"\/><div class=\"portfolio-item-infos-wrapper\" style=\"background-color:;\"><div class=\"portfolio-item-infos\"><div class=\"portfolio-item-title\">Kertasn\u00edkir<\/div><div class=\"portfolio-item-category\"><span class=\"elpt-portfolio-cat\">Vefs\u00ed\u00f0a<\/span><\/div><\/div><\/div><\/a><\/div><div class=\"portfolio-item-wrapper  elemenfoliocategory-l\u00f3g\u00f3\"><a href=\"https:\/\/vefir.borgo.is\/amandasjofn\/wp-content\/uploads\/2021\/12\/hunangsvatn-logo.png\" class=\"portfolio-item elpt-portfolio-lightbox\" rel=&quot;elpt-portfolio&quot; style=\"background-image: url(https:\/\/vefir.borgo.is\/amandasjofn\/wp-content\/uploads\/2021\/12\/hunangsvatn-logo.png)\" title=\"fors\u00ed\u00f0a\"  ><img decoding=\"async\" src=\"https:\/\/vefir.borgo.is\/amandasjofn\/wp-content\/uploads\/2021\/12\/hunangsvatn-logo.png\" title=\"hunangsvatn\" alt=\"hunangsvatn\"\/><div class=\"portfolio-item-infos-wrapper\" style=\"background-color:;\"><div class=\"portfolio-item-infos\"><div class=\"portfolio-item-title\">hunangsvatn<\/div><div class=\"portfolio-item-category\"><span class=\"elpt-portfolio-cat\">L\u00f3g\u00f3<\/span><\/div><\/div><\/div><\/a><\/div><div class=\"portfolio-item-wrapper  elemenfoliocategory-b\u00e6kur\"><a href=\"https:\/\/vefir.borgo.is\/amandasjofn\/wp-content\/uploads\/2021\/12\/voginopnaurbok.jpg\" class=\"portfolio-item elpt-portfolio-lightbox\" rel=&quot;elpt-portfolio&quot; style=\"background-image: url(https:\/\/vefir.borgo.is\/amandasjofn\/wp-content\/uploads\/2021\/12\/voginopnaurbok.jpg)\" title=\"fors\u00ed\u00f0a\"  ><img decoding=\"async\" src=\"https:\/\/vefir.borgo.is\/amandasjofn\/wp-content\/uploads\/2021\/12\/voginopnaurbok.jpg\" title=\"Vogin\" alt=\"Vogin\"\/><div class=\"portfolio-item-infos-wrapper\" style=\"background-color:;\"><div class=\"portfolio-item-infos\"><div class=\"portfolio-item-title\">Vogin<\/div><div class=\"portfolio-item-category\"><span class=\"elpt-portfolio-cat\">B\u00e6kur<\/span><\/div><\/div><\/div><\/a><\/div><div class=\"portfolio-item-wrapper  elemenfoliocategory-plakat\"><a href=\"https:\/\/vefir.borgo.is\/amandasjofn\/wp-content\/uploads\/2021\/12\/mitPLAKAT-Amanda-1-e1639072931679.jpg\" class=\"portfolio-item elpt-portfolio-lightbox\" rel=&quot;elpt-portfolio&quot; style=\"background-image: url(https:\/\/vefir.borgo.is\/amandasjofn\/wp-content\/uploads\/2021\/12\/mitPLAKAT-Amanda-1-e1639072931679.jpg)\" title=\"fors\u00ed\u00f0a\"  ><img decoding=\"async\" src=\"https:\/\/vefir.borgo.is\/amandasjofn\/wp-content\/uploads\/2021\/12\/mitPLAKAT-Amanda-1-e1639072931679.jpg\" title=\"Amer\u00edska s\u00f6ngb\u00f3kin\" alt=\"Amer\u00edska s\u00f6ngb\u00f3kin\"\/><div class=\"portfolio-item-infos-wrapper\" style=\"background-color:;\"><div class=\"portfolio-item-infos\"><div class=\"portfolio-item-title\">Amer\u00edska s\u00f6ngb\u00f3kin<\/div><div class=\"portfolio-item-category\"><span class=\"elpt-portfolio-cat\">Plakat<\/span><\/div><\/div><\/div><\/a><\/div><div class=\"portfolio-item-wrapper  elemenfoliocategory-teikningar\"><a href=\"https:\/\/vefir.borgo.is\/amandasjofn\/wp-content\/uploads\/2021\/12\/IMG_75894264.mov\" class=\"portfolio-item elpt-portfolio-lightbox\" rel=&quot;elpt-portfolio&quot; style=\"background-image: url(https:\/\/vefir.borgo.is\/amandasjofn\/wp-content\/uploads\/2021\/12\/IMG_75894264.mov)\" title=\"fors\u00ed\u00f0a\"  ><img decoding=\"async\" src=\"https:\/\/vefir.borgo.is\/amandasjofn\/wp-content\/uploads\/2021\/12\/IMG_75894264.mov\" title=\"Hunangavatn\" alt=\"Hunangavatn\"\/><div class=\"portfolio-item-infos-wrapper\" style=\"background-color:;\"><div class=\"portfolio-item-infos\"><div class=\"portfolio-item-title\">Hunangavatn<\/div><div class=\"portfolio-item-category\"><span class=\"elpt-portfolio-cat\">Teikningar<\/span><\/div><\/div><\/div><\/a><\/div><div class=\"portfolio-item-wrapper  elemenfoliocategory-teikningar\"><a href=\"https:\/\/vefir.borgo.is\/amandasjofn\/wp-content\/uploads\/2021\/12\/image_123986672-scaled.jpg\" class=\"portfolio-item elpt-portfolio-lightbox\" rel=&quot;elpt-portfolio&quot; style=\"background-image: url(https:\/\/vefir.borgo.is\/amandasjofn\/wp-content\/uploads\/2021\/12\/image_123986672-scaled.jpg)\" title=\"fors\u00ed\u00f0a\"  ><img decoding=\"async\" src=\"https:\/\/vefir.borgo.is\/amandasjofn\/wp-content\/uploads\/2021\/12\/image_123986672-scaled.jpg\" title=\"Regnhl\u00edfakall\" alt=\"Regnhl\u00edfakall\"\/><div class=\"portfolio-item-infos-wrapper\" style=\"background-color:;\"><div class=\"portfolio-item-infos\"><div class=\"portfolio-item-title\">Regnhl\u00edfakall<\/div><div class=\"portfolio-item-category\"><span class=\"elpt-portfolio-cat\">Teikningar<\/span><\/div><\/div><\/div><\/a><\/div><div class=\"portfolio-item-wrapper  elemenfoliocategory-skissur\"><a href=\"https:\/\/vefir.borgo.is\/amandasjofn\/wp-content\/uploads\/2021\/12\/image_67187969-scaled-e1639072874991.jpg\" class=\"portfolio-item elpt-portfolio-lightbox\" rel=&quot;elpt-portfolio&quot; style=\"background-image: url(https:\/\/vefir.borgo.is\/amandasjofn\/wp-content\/uploads\/2021\/12\/image_67187969-scaled-e1639072874991.jpg)\" title=\"fors\u00ed\u00f0a\"  ><img decoding=\"async\" src=\"https:\/\/vefir.borgo.is\/amandasjofn\/wp-content\/uploads\/2021\/12\/image_67187969-scaled-e1639072874991.jpg\" title=\"J\u00f3lasveinn1\" alt=\"J\u00f3lasveinn1\"\/><div class=\"portfolio-item-infos-wrapper\" style=\"background-color:;\"><div class=\"portfolio-item-infos\"><div class=\"portfolio-item-title\">J\u00f3lasveinn1<\/div><div class=\"portfolio-item-category\"><span class=\"elpt-portfolio-cat\">skissur<\/span><\/div><\/div><\/div><\/a><\/div><div class=\"portfolio-item-wrapper  elemenfoliocategory-skissur\"><a href=\"https:\/\/vefir.borgo.is\/amandasjofn\/wp-content\/uploads\/2021\/12\/image_67172097-scaled.jpg\" class=\"portfolio-item elpt-portfolio-lightbox\" rel=&quot;elpt-portfolio&quot; style=\"background-image: url(https:\/\/vefir.borgo.is\/amandasjofn\/wp-content\/uploads\/2021\/12\/image_67172097-scaled.jpg)\" title=\"fors\u00ed\u00f0a\"  ><img decoding=\"async\" src=\"https:\/\/vefir.borgo.is\/amandasjofn\/wp-content\/uploads\/2021\/12\/image_67172097-scaled.jpg\" title=\"Kerti\" alt=\"Kerti\"\/><div class=\"portfolio-item-infos-wrapper\" style=\"background-color:;\"><div class=\"portfolio-item-infos\"><div class=\"portfolio-item-title\">Kerti<\/div><div class=\"portfolio-item-category\"><span class=\"elpt-portfolio-cat\">skissur<\/span><\/div><\/div><\/div><\/a><\/div><\/div><\/div>\t\t<script><\/script>\r\n\t\t\t\t<\/div>\n\t\t\t\t<\/div>\n\t\t\t\t<div class=\"elementor-element elementor-element-0bd80da elementor-widget elementor-widget-text-editor\" data-id=\"0bd80da\" data-element_type=\"widget\" data-widget_type=\"text-editor.default\">\n\t\t\t\t<div class=\"elementor-widget-container\">\n\t\t\t\t\t\t\t<p style=\"text-align: center;\"><a href=\"mailto:amaandafroda@gmail.com\">Hafa samband<\/a><\/p>\t\t\t\t\t\t<\/div>\n\t\t\t\t<\/div>\n\t\t\t\t\t<\/div>\n\t\t<\/div>\n\t\t\t\t<div class=\"elementor-column elementor-col-50 elementor-top-column elementor-element elementor-element-2853cf9\" data-id=\"2853cf9\" data-element_type=\"column\">\n\t\t\t<div class=\"elementor-widget-wrap elementor-element-populated\">\n\t\t\t\t\t\t\t\t<div class=\"elementor-element elementor-element-e9c2c29 elementor-widget elementor-widget-image\" data-id=\"e9c2c29\" data-element_type=\"widget\" data-widget_type=\"image.default\">\n\t\t\t\t<div class=\"elementor-widget-container\">\n\t\t\t\t\t\t\t\t\t\t\t\t\t\t\t<img decoding=\"async\" src=\"https:\/\/vefir.borgo.is\/amandasjofn\/wp-content\/plugins\/elementor\/assets\/images\/placeholder.png\" title=\"\" alt=\"\" \/>\t\t\t\t\t\t\t\t\t\t\t\t\t\t\t<\/div>\n\t\t\t\t<\/div>\n\t\t\t\t\t<\/div>\n\t\t<\/div>\n\t\t\t\t\t\t\t<\/div>\n\t\t<\/section>\n\t\t\t\t\t\t<\/div>\n\t\t\t\t\t<\/div>\n\t\t","protected":false},"excerpt":{"rendered":"<p>Amanda Sj\u00f6fn Fr\u00f3\u00f0ad\u00f3ttir AllB\u00e6kurL\u00f3g\u00f3PlakatTeikningarVefs\u00ed\u00f0askissurKertasn\u00edkirVefs\u00ed\u00f0ahunangsvatnL\u00f3g\u00f3VoginB\u00e6kurAmer\u00edska s\u00f6ngb\u00f3kinPlakatHunangavatnTeikningarRegnhl\u00edfakallTeikningarJ\u00f3lasveinn1skissurKertiskissur Hafa samband<\/p>\n","protected":false},"author":1,"featured_media":0,"parent":0,"menu_order":0,"comment_status":"closed","ping_status":"closed","template":"elementor_canvas","meta":{"site-sidebar-layout":"no-sidebar","site-content-layout":"page-builder","ast-main-header-display":"","ast-hfb-above-header-display":"","ast-hfb-below-header-display":"","ast-hfb-mobile-header-display":"","site-post-title":"disabled","ast-breadcrumbs-content":"","ast-featured-img":"disabled","footer-sml-layout":"","theme-transparent-header-meta":"","adv-header-id-meta":"","stick-header-meta":"","header-above-stick-meta":"","header-main-stick-meta":"","header-below-stick-meta":"","footnotes":""},"class_list":["post-6","page","type-page","status-publish","hentry"],"_links":{"self":[{"href":"https:\/\/vefir.borgo.is\/amandasjofn\/index.php\/wp-json\/wp\/v2\/pages\/6","targetHints":{"allow":["GET"]}}],"collection":[{"href":"https:\/\/vefir.borgo.is\/amandasjofn\/index.php\/wp-json\/wp\/v2\/pages"}],"about":[{"href":"https:\/\/vefir.borgo.is\/amandasjofn\/index.php\/wp-json\/wp\/v2\/types\/page"}],"author":[{"embeddable":true,"href":"https:\/\/vefir.borgo.is\/amandasjofn\/index.php\/wp-json\/wp\/v2\/users\/1"}],"replies":[{"embeddable":true,"href":"https:\/\/vefir.borgo.is\/amandasjofn\/index.php\/wp-json\/wp\/v2\/comments?post=6"}],"version-history":[{"count":41,"href":"https:\/\/vefir.borgo.is\/amandasjofn\/index.php\/wp-json\/wp\/v2\/pages\/6\/revisions"}],"predecessor-version":[{"id":75,"href":"https:\/\/vefir.borgo.is\/amandasjofn\/index.php\/wp-json\/wp\/v2\/pages\/6\/revisions\/75"}],"wp:attachment":[{"href":"https:\/\/vefir.borgo.is\/amandasjofn\/index.php\/wp-json\/wp\/v2\/media?parent=6"}],"curies":[{"name":"wp","href":"https:\/\/api.w.org\/{rel}","templated":true}]}}