{"id":33,"date":"2021-12-02T15:46:25","date_gmt":"2021-12-02T15:46:25","guid":{"rendered":"https:\/\/vefir.borgo.is\/annafanney\/?page_id=33"},"modified":"2021-12-09T16:15:19","modified_gmt":"2021-12-09T16:15:19","slug":"portfolio","status":"publish","type":"page","link":"https:\/\/vefir.borgo.is\/annafanney\/","title":{"rendered":"Portfolio"},"content":{"rendered":"\t\t<div data-elementor-type=\"wp-page\" data-elementor-id=\"33\" class=\"elementor elementor-33\" data-elementor-settings=\"[]\">\n\t\t\t\t\t\t\t<div class=\"elementor-section-wrap\">\n\t\t\t\t\t\t\t<section class=\"elementor-section elementor-top-section elementor-element elementor-element-0aad022 elementor-section-height-min-height elementor-reverse-mobile elementor-section-boxed elementor-section-height-default elementor-section-items-middle\" data-id=\"0aad022\" data-element_type=\"section\" data-settings=\"{&quot;background_background&quot;:&quot;classic&quot;}\">\n\t\t\t\t\t\t\t<div class=\"elementor-background-overlay\"><\/div>\n\t\t\t\t\t\t\t<div class=\"elementor-container elementor-column-gap-no\">\n\t\t\t\t\t<div class=\"elementor-column elementor-col-100 elementor-top-column elementor-element elementor-element-29d2bd7\" data-id=\"29d2bd7\" data-element_type=\"column\">\n\t\t\t<div class=\"elementor-widget-wrap elementor-element-populated\">\n\t\t\t\t\t\t\t\t<div class=\"elementor-element elementor-element-17adb60 elementor-widget elementor-widget-heading\" data-id=\"17adb60\" data-element_type=\"widget\" data-widget_type=\"heading.default\">\n\t\t\t\t<div class=\"elementor-widget-container\">\n\t\t\t<h1 class=\"elementor-heading-title elementor-size-xxl\">Portfolio<\/h1>\t\t<\/div>\n\t\t\t\t<\/div>\n\t\t\t\t<div class=\"elementor-element elementor-element-a0a6ea7 elementor-widget-divider--view-line elementor-widget elementor-widget-divider\" data-id=\"a0a6ea7\" data-element_type=\"widget\" data-widget_type=\"divider.default\">\n\t\t\t\t<div class=\"elementor-widget-container\">\n\t\t\t\t\t<div class=\"elementor-divider\">\n\t\t\t<span class=\"elementor-divider-separator\">\n\t\t\t\t\t\t<\/span>\n\t\t<\/div>\n\t\t\t\t<\/div>\n\t\t\t\t<\/div>\n\t\t\t\t<div class=\"elementor-element elementor-element-6295601 elementor-widget elementor-widget-text-editor\" data-id=\"6295601\" data-element_type=\"widget\" data-widget_type=\"text-editor.default\">\n\t\t\t\t<div class=\"elementor-widget-container\">\n\t\t\t\t\t\t\t<p>Anna Fanney Kristinsd\u00f3ttir<\/p>\t\t\t\t\t\t<\/div>\n\t\t\t\t<\/div>\n\t\t\t\t\t<\/div>\n\t\t<\/div>\n\t\t\t\t\t\t\t<\/div>\n\t\t<\/section>\n\t\t\t\t<section class=\"elementor-section elementor-top-section elementor-element elementor-element-96f5bf2 elementor-section-boxed elementor-section-height-default elementor-section-height-default\" data-id=\"96f5bf2\" data-element_type=\"section\" data-settings=\"{&quot;background_background&quot;:&quot;classic&quot;}\">\n\t\t\t\t\t\t<div class=\"elementor-container elementor-column-gap-no\">\n\t\t\t\t\t<div class=\"elementor-column elementor-col-100 elementor-top-column elementor-element elementor-element-a11b0ae\" data-id=\"a11b0ae\" data-element_type=\"column\">\n\t\t\t<div class=\"elementor-widget-wrap elementor-element-populated\">\n\t\t\t\t\t\t\t\t<div class=\"elementor-element elementor-element-bdd98b1 elementor-widget elementor-widget-heading\" data-id=\"bdd98b1\" data-element_type=\"widget\" data-widget_type=\"heading.default\">\n\t\t\t\t<div class=\"elementor-widget-container\">\n\t\t\t<h2 class=\"elementor-heading-title elementor-size-default\">Verkefnin m\u00edn<\/h2>\t\t<\/div>\n\t\t\t\t<\/div>\n\t\t\t\t<div class=\"elementor-element elementor-element-bc5f7e5 elementor-widget elementor-widget-powerfolio_gallery\" data-id=\"bc5f7e5\" data-element_type=\"widget\" data-widget_type=\"powerfolio_gallery.default\">\n\t\t\t\t<div class=\"elementor-widget-container\">\n\t\t\t<div class=\"elpt-portfolio\"><div class=\"elpt-portfolio-filter\"><button class=\"portfolio-filter-item item-active\" data-filter=\"*\" style=\"background-color:;\">All<\/button><button class=\"portfolio-filter-item\" style=\"background-color:;\" data-filter=\".elemenfoliocategory-anna\u00f0\">Anna\u00f0<\/button><button class=\"portfolio-filter-item\" style=\"background-color:;\" data-filter=\".elemenfoliocategory-lj\u00f3smyndir\">Lj\u00f3smyndir<\/button><button class=\"portfolio-filter-item\" style=\"background-color:;\" data-filter=\".elemenfoliocategory-plagg\u00f6t\">Plagg\u00f6t<\/button><button class=\"portfolio-filter-item\" style=\"background-color:;\" data-filter=\".elemenfoliocategory-skissur\">Skissur<\/button><\/div><div class=\"elpt-portfolio-content elpt-portfolio-content-isotope elpt-portfolio-style-masonry  simple elpt-portfolio-columns-4 elpt-portfolio-margin\"><div class=\"portfolio-item-wrapper  elemenfoliocategory-lj\u00f3smyndir\"><a href=\"https:\/\/vefir.borgo.is\/annafanney\/wp-content\/uploads\/2021\/12\/DSC_0066-scaled.jpg\" class=\"portfolio-item elpt-portfolio-lightbox\" rel=&quot;elpt-portfolio&quot; style=\"background-image: url(https:\/\/vefir.borgo.is\/annafanney\/wp-content\/uploads\/2021\/12\/DSC_0066-scaled.jpg)\" title=\"Portfolio\"  ><img decoding=\"async\" src=\"https:\/\/vefir.borgo.is\/annafanney\/wp-content\/uploads\/2021\/12\/DSC_0066-scaled.jpg\" title=\"\" alt=\"\"\/><div class=\"portfolio-item-infos-wrapper\" style=\"background-color:;\"><div class=\"portfolio-item-infos\"><div class=\"portfolio-item-title\"><\/div><div class=\"portfolio-item-category\"><span class=\"elpt-portfolio-cat\">Lj\u00f3smyndir<\/span><\/div><\/div><\/div><\/a><\/div><div class=\"portfolio-item-wrapper  elemenfoliocategory-lj\u00f3smyndir\"><a href=\"https:\/\/vefir.borgo.is\/annafanney\/wp-content\/uploads\/2021\/12\/DSC_0071-scaled.jpg\" class=\"portfolio-item elpt-portfolio-lightbox\" rel=&quot;elpt-portfolio&quot; style=\"background-image: url(https:\/\/vefir.borgo.is\/annafanney\/wp-content\/uploads\/2021\/12\/DSC_0071-scaled.jpg)\" title=\"Portfolio\"  ><img decoding=\"async\" src=\"https:\/\/vefir.borgo.is\/annafanney\/wp-content\/uploads\/2021\/12\/DSC_0071-scaled.jpg\" title=\"\" alt=\"\"\/><div class=\"portfolio-item-infos-wrapper\" style=\"background-color:;\"><div class=\"portfolio-item-infos\"><div class=\"portfolio-item-title\"><\/div><div class=\"portfolio-item-category\"><span class=\"elpt-portfolio-cat\">Lj\u00f3smyndir<\/span><\/div><\/div><\/div><\/a><\/div><div class=\"portfolio-item-wrapper  elemenfoliocategory-plagg\u00f6t\"><a href=\"https:\/\/vefir.borgo.is\/annafanney\/wp-content\/uploads\/2021\/12\/Jon-muli_Anna-Fanney-02.jpg\" class=\"portfolio-item elpt-portfolio-lightbox\" rel=&quot;elpt-portfolio&quot; style=\"background-image: url(https:\/\/vefir.borgo.is\/annafanney\/wp-content\/uploads\/2021\/12\/Jon-muli_Anna-Fanney-02.jpg)\" title=\"Portfolio\"  ><img decoding=\"async\" src=\"https:\/\/vefir.borgo.is\/annafanney\/wp-content\/uploads\/2021\/12\/Jon-muli_Anna-Fanney-02.jpg\" title=\"M\u00cdT-J\u00f3n M\u00fali\" alt=\"M\u00cdT-J\u00f3n M\u00fali\"\/><div class=\"portfolio-item-infos-wrapper\" style=\"background-color:;\"><div class=\"portfolio-item-infos\"><div class=\"portfolio-item-title\">M\u00cdT-J\u00f3n M\u00fali<\/div><div class=\"portfolio-item-category\"><span class=\"elpt-portfolio-cat\">Plagg\u00f6t<\/span><\/div><\/div><\/div><\/a><\/div><div class=\"portfolio-item-wrapper  elemenfoliocategory-lj\u00f3smyndir\"><a href=\"https:\/\/vefir.borgo.is\/annafanney\/wp-content\/uploads\/2021\/12\/DSC_0004-scaled.jpg\" class=\"portfolio-item elpt-portfolio-lightbox\" rel=&quot;elpt-portfolio&quot; style=\"background-image: url(https:\/\/vefir.borgo.is\/annafanney\/wp-content\/uploads\/2021\/12\/DSC_0004-scaled.jpg)\" title=\"Portfolio\"  ><img decoding=\"async\" src=\"https:\/\/vefir.borgo.is\/annafanney\/wp-content\/uploads\/2021\/12\/DSC_0004-scaled.jpg\" title=\"\" alt=\"\"\/><div class=\"portfolio-item-infos-wrapper\" style=\"background-color:;\"><div class=\"portfolio-item-infos\"><div class=\"portfolio-item-title\"><\/div><div class=\"portfolio-item-category\"><span class=\"elpt-portfolio-cat\">Lj\u00f3smyndir<\/span><\/div><\/div><\/div><\/a><\/div><div class=\"portfolio-item-wrapper  elemenfoliocategory-lj\u00f3smyndir\"><a href=\"https:\/\/vefir.borgo.is\/annafanney\/wp-content\/uploads\/2021\/12\/DSC_0006-scaled.jpg\" class=\"portfolio-item elpt-portfolio-lightbox\" rel=&quot;elpt-portfolio&quot; style=\"background-image: url(https:\/\/vefir.borgo.is\/annafanney\/wp-content\/uploads\/2021\/12\/DSC_0006-scaled.jpg)\" title=\"Portfolio\"  ><img decoding=\"async\" src=\"https:\/\/vefir.borgo.is\/annafanney\/wp-content\/uploads\/2021\/12\/DSC_0006-scaled.jpg\" title=\"\" alt=\"\"\/><div class=\"portfolio-item-infos-wrapper\" style=\"background-color:;\"><div class=\"portfolio-item-infos\"><div class=\"portfolio-item-title\"><\/div><div class=\"portfolio-item-category\"><span class=\"elpt-portfolio-cat\">Lj\u00f3smyndir<\/span><\/div><\/div><\/div><\/a><\/div><div class=\"portfolio-item-wrapper  elemenfoliocategory-lj\u00f3smyndir\"><a href=\"https:\/\/vefir.borgo.is\/annafanney\/wp-content\/uploads\/2021\/12\/DSC_0023-scaled.jpg\" class=\"portfolio-item elpt-portfolio-lightbox\" rel=&quot;elpt-portfolio&quot; style=\"background-image: url(https:\/\/vefir.borgo.is\/annafanney\/wp-content\/uploads\/2021\/12\/DSC_0023-scaled.jpg)\" title=\"Portfolio\"  ><img decoding=\"async\" src=\"https:\/\/vefir.borgo.is\/annafanney\/wp-content\/uploads\/2021\/12\/DSC_0023-scaled.jpg\" title=\"\" alt=\"\"\/><div class=\"portfolio-item-infos-wrapper\" style=\"background-color:;\"><div class=\"portfolio-item-infos\"><div class=\"portfolio-item-title\"><\/div><div class=\"portfolio-item-category\"><span class=\"elpt-portfolio-cat\">Lj\u00f3smyndir<\/span><\/div><\/div><\/div><\/a><\/div><div class=\"portfolio-item-wrapper  elemenfoliocategory-anna\u00f0\"><a href=\"https:\/\/vefir.borgo.is\/annafanney\/wp-content\/uploads\/2021\/12\/hurdaskellir-01.jpg\" class=\"portfolio-item elpt-portfolio-lightbox\" rel=&quot;elpt-portfolio&quot; style=\"background-image: url(https:\/\/vefir.borgo.is\/annafanney\/wp-content\/uploads\/2021\/12\/hurdaskellir-01.jpg)\" title=\"Portfolio\"  ><img decoding=\"async\" src=\"https:\/\/vefir.borgo.is\/annafanney\/wp-content\/uploads\/2021\/12\/hurdaskellir-01.jpg\" title=\"Hur\u00f0askellir-vefs\u00ed\u00f0a\" alt=\"Hur\u00f0askellir-vefs\u00ed\u00f0a\"\/><div class=\"portfolio-item-infos-wrapper\" style=\"background-color:;\"><div class=\"portfolio-item-infos\"><div class=\"portfolio-item-title\">Hur\u00f0askellir-vefs\u00ed\u00f0a<\/div><div class=\"portfolio-item-category\"><span class=\"elpt-portfolio-cat\">Anna\u00f0<\/span><\/div><\/div><\/div><\/a><\/div><div class=\"portfolio-item-wrapper  elemenfoliocategory-lj\u00f3smyndir\"><a href=\"https:\/\/vefir.borgo.is\/annafanney\/wp-content\/uploads\/2021\/12\/DSC_0026-scaled.jpg\" class=\"portfolio-item elpt-portfolio-lightbox\" rel=&quot;elpt-portfolio&quot; style=\"background-image: url(https:\/\/vefir.borgo.is\/annafanney\/wp-content\/uploads\/2021\/12\/DSC_0026-scaled.jpg)\" title=\"Portfolio\"  ><img decoding=\"async\" src=\"https:\/\/vefir.borgo.is\/annafanney\/wp-content\/uploads\/2021\/12\/DSC_0026-scaled.jpg\" title=\"\" alt=\"\"\/><div class=\"portfolio-item-infos-wrapper\" style=\"background-color:;\"><div class=\"portfolio-item-infos\"><div class=\"portfolio-item-title\"><\/div><div class=\"portfolio-item-category\"><span class=\"elpt-portfolio-cat\">Lj\u00f3smyndir<\/span><\/div><\/div><\/div><\/a><\/div><div class=\"portfolio-item-wrapper  elemenfoliocategory-lj\u00f3smyndir\"><a href=\"https:\/\/vefir.borgo.is\/annafanney\/wp-content\/uploads\/2021\/12\/DSC_0047-scaled.jpg\" class=\"portfolio-item elpt-portfolio-lightbox\" rel=&quot;elpt-portfolio&quot; style=\"background-image: url(https:\/\/vefir.borgo.is\/annafanney\/wp-content\/uploads\/2021\/12\/DSC_0047-scaled.jpg)\" title=\"Portfolio\"  ><img decoding=\"async\" src=\"https:\/\/vefir.borgo.is\/annafanney\/wp-content\/uploads\/2021\/12\/DSC_0047-scaled.jpg\" title=\"\" alt=\"\"\/><div class=\"portfolio-item-infos-wrapper\" style=\"background-color:;\"><div class=\"portfolio-item-infos\"><div class=\"portfolio-item-title\"><\/div><div class=\"portfolio-item-category\"><span class=\"elpt-portfolio-cat\">Lj\u00f3smyndir<\/span><\/div><\/div><\/div><\/a><\/div><div class=\"portfolio-item-wrapper  elemenfoliocategory-skissur\"><a href=\"https:\/\/vefir.borgo.is\/annafanney\/wp-content\/uploads\/2021\/12\/IMG-2777-scaled.jpg\" class=\"portfolio-item elpt-portfolio-lightbox\" rel=&quot;elpt-portfolio&quot; style=\"background-image: url(https:\/\/vefir.borgo.is\/annafanney\/wp-content\/uploads\/2021\/12\/IMG-2777-scaled.jpg)\" title=\"Portfolio\"  ><img decoding=\"async\" src=\"https:\/\/vefir.borgo.is\/annafanney\/wp-content\/uploads\/2021\/12\/IMG-2777-scaled.jpg\" title=\"Hur\u00f0askellir\" alt=\"Hur\u00f0askellir\"\/><div class=\"portfolio-item-infos-wrapper\" style=\"background-color:;\"><div class=\"portfolio-item-infos\"><div class=\"portfolio-item-title\">Hur\u00f0askellir<\/div><div class=\"portfolio-item-category\"><span class=\"elpt-portfolio-cat\">Skissur<\/span><\/div><\/div><\/div><\/a><\/div><div class=\"portfolio-item-wrapper  elemenfoliocategory-plagg\u00f6t\"><a href=\"https:\/\/vefir.borgo.is\/annafanney\/wp-content\/uploads\/2021\/12\/MIT_plagat_Anna-03.jpg\" class=\"portfolio-item elpt-portfolio-lightbox\" rel=&quot;elpt-portfolio&quot; style=\"background-image: url(https:\/\/vefir.borgo.is\/annafanney\/wp-content\/uploads\/2021\/12\/MIT_plagat_Anna-03.jpg)\" title=\"Portfolio\"  ><img decoding=\"async\" src=\"https:\/\/vefir.borgo.is\/annafanney\/wp-content\/uploads\/2021\/12\/MIT_plagat_Anna-03.jpg\" title=\"M\u00cdT-Amer\u00edska S\u00f6ngb\u00f3kin\" alt=\"M\u00cdT-Amer\u00edska S\u00f6ngb\u00f3kin\"\/><div class=\"portfolio-item-infos-wrapper\" style=\"background-color:;\"><div class=\"portfolio-item-infos\"><div class=\"portfolio-item-title\">M\u00cdT-Amer\u00edska S\u00f6ngb\u00f3kin<\/div><div class=\"portfolio-item-category\"><span class=\"elpt-portfolio-cat\">Plagg\u00f6t<\/span><\/div><\/div><\/div><\/a><\/div><div class=\"portfolio-item-wrapper  elemenfoliocategory-lj\u00f3smyndir\"><a href=\"https:\/\/vefir.borgo.is\/annafanney\/wp-content\/uploads\/2021\/12\/DSC_0070-scaled.jpg\" class=\"portfolio-item elpt-portfolio-lightbox\" rel=&quot;elpt-portfolio&quot; style=\"background-image: url(https:\/\/vefir.borgo.is\/annafanney\/wp-content\/uploads\/2021\/12\/DSC_0070-scaled.jpg)\" title=\"Portfolio\"  ><img decoding=\"async\" src=\"https:\/\/vefir.borgo.is\/annafanney\/wp-content\/uploads\/2021\/12\/DSC_0070-scaled.jpg\" title=\"\" alt=\"\"\/><div class=\"portfolio-item-infos-wrapper\" style=\"background-color:;\"><div class=\"portfolio-item-infos\"><div class=\"portfolio-item-title\"><\/div><div class=\"portfolio-item-category\"><span class=\"elpt-portfolio-cat\">Lj\u00f3smyndir<\/span><\/div><\/div><\/div><\/a><\/div><div class=\"portfolio-item-wrapper  elemenfoliocategory-anna\u00f0\"><a href=\"https:\/\/vefir.borgo.is\/annafanney\/wp-content\/uploads\/2021\/12\/RAN-2.jpg\" class=\"portfolio-item elpt-portfolio-lightbox\" rel=&quot;elpt-portfolio&quot; style=\"background-image: url(https:\/\/vefir.borgo.is\/annafanney\/wp-content\/uploads\/2021\/12\/RAN-2.jpg)\" title=\"Portfolio\"  ><img decoding=\"async\" src=\"https:\/\/vefir.borgo.is\/annafanney\/wp-content\/uploads\/2021\/12\/RAN-2.jpg\" title=\"R\u00e1n Fygnring\" alt=\"R\u00e1n Fygnring\"\/><div class=\"portfolio-item-infos-wrapper\" style=\"background-color:;\"><div class=\"portfolio-item-infos\"><div class=\"portfolio-item-title\">R\u00e1n Fygnring<\/div><div class=\"portfolio-item-category\"><span class=\"elpt-portfolio-cat\">Anna\u00f0<\/span><\/div><\/div><\/div><\/a><\/div><div class=\"portfolio-item-wrapper  elemenfoliocategory-anna\u00f0\"><a href=\"https:\/\/vefir.borgo.is\/annafanney\/wp-content\/uploads\/2021\/12\/matur-1.jpg\" class=\"portfolio-item elpt-portfolio-lightbox\" rel=&quot;elpt-portfolio&quot; style=\"background-image: url(https:\/\/vefir.borgo.is\/annafanney\/wp-content\/uploads\/2021\/12\/matur-1.jpg)\" title=\"Portfolio\"  ><img decoding=\"async\" src=\"https:\/\/vefir.borgo.is\/annafanney\/wp-content\/uploads\/2021\/12\/matur-1.jpg\" title=\"Matrei\u00f0slub\u00f3k\" alt=\"Matrei\u00f0slub\u00f3k\"\/><div class=\"portfolio-item-infos-wrapper\" style=\"background-color:;\"><div class=\"portfolio-item-infos\"><div class=\"portfolio-item-title\">Matrei\u00f0slub\u00f3k<\/div><div class=\"portfolio-item-category\"><span class=\"elpt-portfolio-cat\">Anna\u00f0<\/span><\/div><\/div><\/div><\/a><\/div><div class=\"portfolio-item-wrapper  elemenfoliocategory-anna\u00f0\"><a href=\"https:\/\/vefir.borgo.is\/annafanney\/wp-content\/uploads\/2021\/12\/hunangsvatn_logo.jpg\" class=\"portfolio-item elpt-portfolio-lightbox\" rel=&quot;elpt-portfolio&quot; style=\"background-image: url(https:\/\/vefir.borgo.is\/annafanney\/wp-content\/uploads\/2021\/12\/hunangsvatn_logo.jpg)\" title=\"Portfolio\"  ><img decoding=\"async\" src=\"https:\/\/vefir.borgo.is\/annafanney\/wp-content\/uploads\/2021\/12\/hunangsvatn_logo.jpg\" title=\"Hunangs Vatn-l\u00f3g\u00f3\" alt=\"Hunangs Vatn-l\u00f3g\u00f3\"\/><div class=\"portfolio-item-infos-wrapper\" style=\"background-color:;\"><div class=\"portfolio-item-infos\"><div class=\"portfolio-item-title\">Hunangs Vatn-l\u00f3g\u00f3<\/div><div class=\"portfolio-item-category\"><span class=\"elpt-portfolio-cat\">Anna\u00f0<\/span><\/div><\/div><\/div><\/a><\/div><div class=\"portfolio-item-wrapper  elemenfoliocategory-anna\u00f0\"><a href=\"https:\/\/vefir.borgo.is\/annafanney\/wp-content\/uploads\/2021\/12\/Hunangsvatn-dos.jpg\" class=\"portfolio-item elpt-portfolio-lightbox\" rel=&quot;elpt-portfolio&quot; style=\"background-image: url(https:\/\/vefir.borgo.is\/annafanney\/wp-content\/uploads\/2021\/12\/Hunangsvatn-dos.jpg)\" title=\"Portfolio\"  ><img decoding=\"async\" src=\"https:\/\/vefir.borgo.is\/annafanney\/wp-content\/uploads\/2021\/12\/Hunangsvatn-dos.jpg\" title=\"Hunangs Vatn-d\u00f3s\" alt=\"Hunangs Vatn-d\u00f3s\"\/><div class=\"portfolio-item-infos-wrapper\" style=\"background-color:;\"><div class=\"portfolio-item-infos\"><div class=\"portfolio-item-title\">Hunangs Vatn-d\u00f3s<\/div><div class=\"portfolio-item-category\"><span class=\"elpt-portfolio-cat\">Anna\u00f0<\/span><\/div><\/div><\/div><\/a><\/div><div class=\"portfolio-item-wrapper  elemenfoliocategory-skissur\"><a href=\"https:\/\/vefir.borgo.is\/annafanney\/wp-content\/uploads\/2021\/12\/IMG-2779-scaled.jpg\" class=\"portfolio-item elpt-portfolio-lightbox\" rel=&quot;elpt-portfolio&quot; style=\"background-image: url(https:\/\/vefir.borgo.is\/annafanney\/wp-content\/uploads\/2021\/12\/IMG-2779-scaled.jpg)\" title=\"Portfolio\"  ><img decoding=\"async\" src=\"https:\/\/vefir.borgo.is\/annafanney\/wp-content\/uploads\/2021\/12\/IMG-2779-scaled.jpg\" title=\"Amer\u00edska S\u00f6ngb\u00f3kin\" alt=\"Amer\u00edska S\u00f6ngb\u00f3kin\"\/><div class=\"portfolio-item-infos-wrapper\" style=\"background-color:;\"><div class=\"portfolio-item-infos\"><div class=\"portfolio-item-title\">Amer\u00edska S\u00f6ngb\u00f3kin<\/div><div class=\"portfolio-item-category\"><span class=\"elpt-portfolio-cat\">Skissur<\/span><\/div><\/div><\/div><\/a><\/div><div class=\"portfolio-item-wrapper  elemenfoliocategory-skissur\"><a href=\"https:\/\/vefir.borgo.is\/annafanney\/wp-content\/uploads\/2021\/12\/IMG-2778-scaled.jpg\" class=\"portfolio-item elpt-portfolio-lightbox\" rel=&quot;elpt-portfolio&quot; style=\"background-image: url(https:\/\/vefir.borgo.is\/annafanney\/wp-content\/uploads\/2021\/12\/IMG-2778-scaled.jpg)\" title=\"Portfolio\"  ><img decoding=\"async\" src=\"https:\/\/vefir.borgo.is\/annafanney\/wp-content\/uploads\/2021\/12\/IMG-2778-scaled.jpg\" title=\"Hunangs Vatn-animation\" alt=\"Hunangs Vatn-animation\"\/><div class=\"portfolio-item-infos-wrapper\" style=\"background-color:;\"><div class=\"portfolio-item-infos\"><div class=\"portfolio-item-title\">Hunangs Vatn-animation<\/div><div class=\"portfolio-item-category\"><span class=\"elpt-portfolio-cat\">Skissur<\/span><\/div><\/div><\/div><\/a><\/div><div class=\"portfolio-item-wrapper  elemenfoliocategory-skissur\"><a href=\"https:\/\/vefir.borgo.is\/annafanney\/wp-content\/uploads\/2021\/12\/IMG-2780.jpg\" class=\"portfolio-item elpt-portfolio-lightbox\" rel=&quot;elpt-portfolio&quot; style=\"background-image: url(https:\/\/vefir.borgo.is\/annafanney\/wp-content\/uploads\/2021\/12\/IMG-2780.jpg)\" title=\"Portfolio\"  ><img decoding=\"async\" src=\"https:\/\/vefir.borgo.is\/annafanney\/wp-content\/uploads\/2021\/12\/IMG-2780.jpg\" title=\"Amer\u00edska S\u00f6ngb\u00f3kin\" alt=\"Amer\u00edska S\u00f6ngb\u00f3kin\"\/><div class=\"portfolio-item-infos-wrapper\" style=\"background-color:;\"><div class=\"portfolio-item-infos\"><div class=\"portfolio-item-title\">Amer\u00edska S\u00f6ngb\u00f3kin<\/div><div class=\"portfolio-item-category\"><span class=\"elpt-portfolio-cat\">Skissur<\/span><\/div><\/div><\/div><\/a><\/div><\/div><\/div>\t\t<script><\/script>\r\n\t\t\t\t<\/div>\n\t\t\t\t<\/div>\n\t\t\t\t<div class=\"elementor-element elementor-element-da487c0 elementor-widget elementor-widget-spacer\" data-id=\"da487c0\" data-element_type=\"widget\" data-widget_type=\"spacer.default\">\n\t\t\t\t<div class=\"elementor-widget-container\">\n\t\t\t\t\t<div class=\"elementor-spacer\">\n\t\t\t<div class=\"elementor-spacer-inner\"><\/div>\n\t\t<\/div>\n\t\t\t\t<\/div>\n\t\t\t\t<\/div>\n\t\t\t\t\t<\/div>\n\t\t<\/div>\n\t\t\t\t\t\t\t<\/div>\n\t\t<\/section>\n\t\t\t\t\t\t<\/div>\n\t\t\t\t\t<\/div>\n\t\t","protected":false},"excerpt":{"rendered":"<p>Portfolio UI\/UX Design Contact<\/p>\n","protected":false},"author":1,"featured_media":0,"parent":0,"menu_order":0,"comment_status":"closed","ping_status":"closed","template":"elementor_header_footer","meta":{"site-sidebar-layout":"no-sidebar","site-content-layout":"page-builder","ast-main-header-display":"","ast-hfb-above-header-display":"","ast-hfb-below-header-display":"","ast-hfb-mobile-header-display":"","site-post-title":"disabled","ast-breadcrumbs-content":"disabled","ast-featured-img":"disabled","footer-sml-layout":"","theme-transparent-header-meta":"enabled","adv-header-id-meta":"","stick-header-meta":"","header-above-stick-meta":"","header-main-stick-meta":"","header-below-stick-meta":"","footnotes":""},"class_list":["post-33","page","type-page","status-publish","hentry"],"_links":{"self":[{"href":"https:\/\/vefir.borgo.is\/annafanney\/index.php\/wp-json\/wp\/v2\/pages\/33","targetHints":{"allow":["GET"]}}],"collection":[{"href":"https:\/\/vefir.borgo.is\/annafanney\/index.php\/wp-json\/wp\/v2\/pages"}],"about":[{"href":"https:\/\/vefir.borgo.is\/annafanney\/index.php\/wp-json\/wp\/v2\/types\/page"}],"author":[{"embeddable":true,"href":"https:\/\/vefir.borgo.is\/annafanney\/index.php\/wp-json\/wp\/v2\/users\/1"}],"replies":[{"embeddable":true,"href":"https:\/\/vefir.borgo.is\/annafanney\/index.php\/wp-json\/wp\/v2\/comments?post=33"}],"version-history":[{"count":57,"href":"https:\/\/vefir.borgo.is\/annafanney\/index.php\/wp-json\/wp\/v2\/pages\/33\/revisions"}],"predecessor-version":[{"id":137,"href":"https:\/\/vefir.borgo.is\/annafanney\/index.php\/wp-json\/wp\/v2\/pages\/33\/revisions\/137"}],"wp:attachment":[{"href":"https:\/\/vefir.borgo.is\/annafanney\/index.php\/wp-json\/wp\/v2\/media?parent=33"}],"curies":[{"name":"wp","href":"https:\/\/api.w.org\/{rel}","templated":true}]}}