{"id":10,"date":"2021-05-07T13:45:21","date_gmt":"2021-05-07T13:45:21","guid":{"rendered":"https:\/\/vefir.borgo.is\/bjartur-hunang\/index.php\/home\/"},"modified":"2021-11-04T15:32:13","modified_gmt":"2021-11-04T15:32:13","slug":"home","status":"publish","type":"page","link":"https:\/\/vefir.borgo.is\/bjartur-hunang\/","title":{"rendered":"Home"},"content":{"rendered":"\t\t<div data-elementor-type=\"wp-page\" data-elementor-id=\"10\" class=\"elementor elementor-10\" data-elementor-settings=\"[]\">\n\t\t\t\t\t\t\t<div class=\"elementor-section-wrap\">\n\t\t\t\t\t\t\t<section class=\"elementor-section elementor-top-section elementor-element elementor-element-25806d3 elementor-section-content-middle elementor-section-boxed elementor-section-height-default elementor-section-height-default\" data-id=\"25806d3\" data-element_type=\"section\">\n\t\t\t\t\t\t<div class=\"elementor-container elementor-column-gap-no\">\n\t\t\t\t\t<div class=\"elementor-column elementor-col-50 elementor-top-column elementor-element elementor-element-54a0987\" data-id=\"54a0987\" data-element_type=\"column\">\n\t\t\t<div class=\"elementor-widget-wrap elementor-element-populated\">\n\t\t\t\t\t\t\t\t<div class=\"elementor-element elementor-element-9c7f3ef elementor-widget__width-initial elementor-widget-mobile__width-inherit elementor-widget-tablet__width-inherit elementor-widget elementor-widget-heading\" data-id=\"9c7f3ef\" data-element_type=\"widget\" data-widget_type=\"heading.default\">\n\t\t\t\t<div class=\"elementor-widget-container\">\n\t\t\t<h2 class=\"elementor-heading-title elementor-size-default\">Velkomin \u00ed Hunang<\/h2>\t\t<\/div>\n\t\t\t\t<\/div>\n\t\t\t\t<div class=\"elementor-element elementor-element-b33303f elementor-widget elementor-widget-image\" data-id=\"b33303f\" data-element_type=\"widget\" data-widget_type=\"image.default\">\n\t\t\t\t<div class=\"elementor-widget-container\">\n\t\t\t\t\t\t\t\t\t\t\t\t\t\t\t<img loading=\"lazy\" decoding=\"async\" width=\"682\" height=\"1024\" src=\"https:\/\/vefir.borgo.is\/bjartur-hunang\/wp-content\/uploads\/2021\/10\/honey-ingredient-healthy-1460406-682x1024.jpg\" class=\"attachment-large size-large\" alt=\"honey, ingredient, healthy-1460406.jpg\" srcset=\"https:\/\/vefir.borgo.is\/bjartur-hunang\/wp-content\/uploads\/2021\/10\/honey-ingredient-healthy-1460406-682x1024.jpg 682w, https:\/\/vefir.borgo.is\/bjartur-hunang\/wp-content\/uploads\/2021\/10\/honey-ingredient-healthy-1460406-200x300.jpg 200w, https:\/\/vefir.borgo.is\/bjartur-hunang\/wp-content\/uploads\/2021\/10\/honey-ingredient-healthy-1460406-768x1152.jpg 768w, https:\/\/vefir.borgo.is\/bjartur-hunang\/wp-content\/uploads\/2021\/10\/honey-ingredient-healthy-1460406.jpg 853w\" sizes=\"auto, (max-width: 682px) 100vw, 682px\" \/>\t\t\t\t\t\t\t\t\t\t\t\t\t\t\t<\/div>\n\t\t\t\t<\/div>\n\t\t\t\t\t<\/div>\n\t\t<\/div>\n\t\t\t\t<div class=\"elementor-column elementor-col-50 elementor-top-column elementor-element elementor-element-651f688\" data-id=\"651f688\" data-element_type=\"column\">\n\t\t\t<div class=\"elementor-widget-wrap elementor-element-populated\">\n\t\t\t\t\t\t\t\t<div class=\"elementor-element elementor-element-5ea9fbb elementor-position-left elementor-vertical-align-top elementor-widget elementor-widget-image-box\" data-id=\"5ea9fbb\" data-element_type=\"widget\" data-widget_type=\"image-box.default\">\n\t\t\t\t<div class=\"elementor-widget-container\">\n\t\t\t<div class=\"elementor-image-box-wrapper\"><div class=\"elementor-image-box-content\"><h3 class=\"elementor-image-box-title\">Okkar Saga<\/h3><p class=\"elementor-image-box-description\">Fer\u00f0alag okkar h\u00f3fst \u00e1ri\u00f0 1985 \u00feegar James, hunangsunnandi, sko\u00f0a\u00f0i \u00fdmsar uppskriftir v\u00ed\u00f0svegar a\u00f0 \u00far heiminum og f\u00e6r\u00f0i \u00fe\u00e6r saman \u00ed matse\u00f0ilinn okkar. Allt fr\u00e1 \u00fev\u00ed a\u00f0 vi\u00f0 erum n\u00fana teymi 10 s\u00e9rfr\u00f3\u00f0ra kokka fr\u00e1 3 helstu borgum \u00e1 Indlandi sem \u00fej\u00f3na \u00fe\u00e9r bestu steikunum, eftirr\u00e9ttunum og mocktails \u00ed b\u00e6num.\n\n<\/p><\/div><\/div>\t\t<\/div>\n\t\t\t\t<\/div>\n\t\t\t\t<div class=\"elementor-element elementor-element-6dde082 elementor-widget elementor-widget-button\" data-id=\"6dde082\" data-element_type=\"widget\" data-widget_type=\"button.default\">\n\t\t\t\t<div class=\"elementor-widget-container\">\n\t\t\t\t\t<div class=\"elementor-button-wrapper\">\n\t\t\t<a href=\"https:\/\/vefir.borgo.is\/bjartur-hunang\/index.php\/contact\/\/index.php\/contact\/\" class=\"elementor-button-link elementor-button elementor-size-sm\" role=\"button\">\n\t\t\t\t\t\t<span class=\"elementor-button-content-wrapper\">\n\t\t\t\t\t\t<span class=\"elementor-button-text\">B\u00f3ka bor\u00f0<\/span>\n\t\t<\/span>\n\t\t\t\t\t<\/a>\n\t\t<\/div>\n\t\t\t\t<\/div>\n\t\t\t\t<\/div>\n\t\t\t\t\t<\/div>\n\t\t<\/div>\n\t\t\t\t\t\t\t<\/div>\n\t\t<\/section>\n\t\t\t\t<section class=\"elementor-section elementor-top-section elementor-element elementor-element-63ce109 elementor-section-boxed elementor-section-height-default elementor-section-height-default\" data-id=\"63ce109\" data-element_type=\"section\">\n\t\t\t\t\t\t\t<div class=\"elementor-background-overlay\"><\/div>\n\t\t\t\t\t\t\t<div class=\"elementor-container elementor-column-gap-no\">\n\t\t\t\t\t<div class=\"elementor-column elementor-col-50 elementor-top-column elementor-element elementor-element-d378906\" data-id=\"d378906\" data-element_type=\"column\">\n\t\t\t<div class=\"elementor-widget-wrap elementor-element-populated\">\n\t\t\t\t\t\t\t\t<div class=\"elementor-element elementor-element-8eb8715 elementor-widget-mobile__width-inherit elementor-widget elementor-widget-heading\" data-id=\"8eb8715\" data-element_type=\"widget\" data-widget_type=\"heading.default\">\n\t\t\t\t<div class=\"elementor-widget-container\">\n\t\t\t<h2 class=\"elementor-heading-title elementor-size-default\">Vi\u00f0 pr\u00ed\u00f0um okkur \u00e1<\/h2>\t\t<\/div>\n\t\t\t\t<\/div>\n\t\t\t\t<div class=\"elementor-element elementor-element-8a65923 elementor-position-top elementor-vertical-align-top elementor-widget elementor-widget-image-box\" data-id=\"8a65923\" data-element_type=\"widget\" data-widget_type=\"image-box.default\">\n\t\t\t\t<div class=\"elementor-widget-container\">\n\t\t\t<div class=\"elementor-image-box-wrapper\"><figure class=\"elementor-image-box-img\"><img loading=\"lazy\" decoding=\"async\" width=\"1280\" height=\"853\" src=\"https:\/\/vefir.borgo.is\/bjartur-hunang\/wp-content\/uploads\/2021\/10\/bees-insects-macro-276190.jpg\" class=\"attachment-full size-full\" alt=\"bees, insects, macro-276190.jpg\" \/><\/figure><div class=\"elementor-image-box-content\"><h3 class=\"elementor-image-box-title\">Heilbrig\u00f0ar B\u00fdflugur<\/h3><\/div><\/div>\t\t<\/div>\n\t\t\t\t<\/div>\n\t\t\t\t<div class=\"elementor-element elementor-element-ab04bd1 elementor-position-top elementor-vertical-align-top elementor-widget elementor-widget-image-box\" data-id=\"ab04bd1\" data-element_type=\"widget\" data-widget_type=\"image-box.default\">\n\t\t\t\t<div class=\"elementor-widget-container\">\n\t\t\t<div class=\"elementor-image-box-wrapper\"><figure class=\"elementor-image-box-img\"><img loading=\"lazy\" decoding=\"async\" width=\"1280\" height=\"853\" src=\"https:\/\/vefir.borgo.is\/bjartur-hunang\/wp-content\/uploads\/2021\/10\/honey-dipper-honey-dipper-351485.jpg\" class=\"attachment-full size-full\" alt=\"honey dipper, honey, dipper-351485.jpg\" \/><\/figure><div class=\"elementor-image-box-content\"><h3 class=\"elementor-image-box-title\">Uppskriftin Hennar \u00d6mmu<\/h3><\/div><\/div>\t\t<\/div>\n\t\t\t\t<\/div>\n\t\t\t\t\t<\/div>\n\t\t<\/div>\n\t\t\t\t<div class=\"elementor-column elementor-col-50 elementor-top-column elementor-element elementor-element-cbbaf1e\" data-id=\"cbbaf1e\" data-element_type=\"column\">\n\t\t\t<div class=\"elementor-widget-wrap elementor-element-populated\">\n\t\t\t\t\t\t\t\t<div class=\"elementor-element elementor-element-8e76125 elementor-position-top elementor-vertical-align-top elementor-widget elementor-widget-image-box\" data-id=\"8e76125\" data-element_type=\"widget\" data-widget_type=\"image-box.default\">\n\t\t\t\t<div class=\"elementor-widget-container\">\n\t\t\t<div class=\"elementor-image-box-wrapper\"><figure class=\"elementor-image-box-img\"><img loading=\"lazy\" decoding=\"async\" width=\"1280\" height=\"835\" src=\"https:\/\/vefir.borgo.is\/bjartur-hunang\/wp-content\/uploads\/2021\/10\/honey-yummy-spoon-1089508.jpg\" class=\"attachment-full size-full\" alt=\"honey, yummy, spoon-1089508.jpg\" \/><\/figure><div class=\"elementor-image-box-content\"><h3 class=\"elementor-image-box-title\">Ferskt Hunang<\/h3><\/div><\/div>\t\t<\/div>\n\t\t\t\t<\/div>\n\t\t\t\t<div class=\"elementor-element elementor-element-5b9ca08 elementor-position-top elementor-vertical-align-top elementor-widget elementor-widget-image-box\" data-id=\"5b9ca08\" data-element_type=\"widget\" data-widget_type=\"image-box.default\">\n\t\t\t\t<div class=\"elementor-widget-container\">\n\t\t\t<div class=\"elementor-image-box-wrapper\"><figure class=\"elementor-image-box-img\"><img loading=\"lazy\" decoding=\"async\" width=\"1280\" height=\"853\" src=\"https:\/\/vefir.borgo.is\/bjartur-hunang\/wp-content\/uploads\/2021\/10\/waffle-syrup-belgian-984499.jpg\" class=\"attachment-full size-full\" alt=\"waffle, syrup, belgian-984499.jpg\" \/><\/figure><div class=\"elementor-image-box-content\"><h3 class=\"elementor-image-box-title\">Passar Me\u00f0 \u00d6llu<\/h3><\/div><\/div>\t\t<\/div>\n\t\t\t\t<\/div>\n\t\t\t\t<div class=\"elementor-element elementor-element-f092fe4 elementor-widget elementor-widget-button\" data-id=\"f092fe4\" data-element_type=\"widget\" data-widget_type=\"button.default\">\n\t\t\t\t<div class=\"elementor-widget-container\">\n\t\t\t\t\t<div class=\"elementor-button-wrapper\">\n\t\t\t<a href=\"#\" class=\"elementor-button-link elementor-button elementor-size-sm\" role=\"button\">\n\t\t\t\t\t\t<span class=\"elementor-button-content-wrapper\">\n\t\t\t\t\t\t<span class=\"elementor-button-text\">Make Reservation<\/span>\n\t\t<\/span>\n\t\t\t\t\t<\/a>\n\t\t<\/div>\n\t\t\t\t<\/div>\n\t\t\t\t<\/div>\n\t\t\t\t\t<\/div>\n\t\t<\/div>\n\t\t\t\t\t\t\t<\/div>\n\t\t<\/section>\n\t\t\t\t<section class=\"elementor-section elementor-top-section elementor-element elementor-element-2c17de0 elementor-section-boxed elementor-section-height-default elementor-section-height-default\" data-id=\"2c17de0\" data-element_type=\"section\" data-settings=\"{&quot;background_background&quot;:&quot;classic&quot;}\">\n\t\t\t\t\t\t\t<div class=\"elementor-background-overlay\"><\/div>\n\t\t\t\t\t\t\t<div class=\"elementor-container elementor-column-gap-default\">\n\t\t\t\t\t<div class=\"elementor-column elementor-col-100 elementor-top-column elementor-element elementor-element-987f959\" data-id=\"987f959\" data-element_type=\"column\">\n\t\t\t<div class=\"elementor-widget-wrap\">\n\t\t\t\t\t\t\t\t\t<\/div>\n\t\t<\/div>\n\t\t\t\t\t\t\t<\/div>\n\t\t<\/section>\n\t\t\t\t\t\t<\/div>\n\t\t\t\t\t<\/div>\n\t\t","protected":false},"excerpt":{"rendered":"<p>Velkomin \u00ed Hunang Okkar Saga Fer\u00f0alag okkar h\u00f3fst \u00e1ri\u00f0 1985 \u00feegar James, hunangsunnandi, sko\u00f0a\u00f0i \u00fdmsar uppskriftir v\u00ed\u00f0svegar a\u00f0 \u00far heiminum og f\u00e6r\u00f0i \u00fe\u00e6r saman \u00ed matse\u00f0ilinn okkar. Allt fr\u00e1 \u00fev\u00ed a\u00f0 vi\u00f0 erum n\u00fana teymi 10 s\u00e9rfr\u00f3\u00f0ra kokka fr\u00e1 3 helstu borgum \u00e1 Indlandi sem \u00fej\u00f3na \u00fe\u00e9r bestu steikunum, eftirr\u00e9ttunum og mocktails \u00ed b\u00e6num. B\u00f3ka &hellip;<\/p>\n<p class=\"read-more\"> <a class=\"\" href=\"https:\/\/vefir.borgo.is\/bjartur-hunang\/\"> <span class=\"screen-reader-text\">Home<\/span> Read More &raquo;<\/a><\/p>\n","protected":false},"author":1,"featured_media":0,"parent":0,"menu_order":0,"comment_status":"closed","ping_status":"closed","template":"","meta":{"site-sidebar-layout":"no-sidebar","site-content-layout":"page-builder","ast-main-header-display":"","ast-hfb-above-header-display":"","ast-hfb-below-header-display":"","ast-hfb-mobile-header-display":"","site-post-title":"disabled","ast-breadcrumbs-content":"","ast-featured-img":"disabled","footer-sml-layout":"","theme-transparent-header-meta":"enabled","adv-header-id-meta":"","stick-header-meta":"","header-above-stick-meta":"","header-main-stick-meta":"","header-below-stick-meta":"","footnotes":""},"class_list":["post-10","page","type-page","status-publish","hentry"],"_links":{"self":[{"href":"https:\/\/vefir.borgo.is\/bjartur-hunang\/index.php\/wp-json\/wp\/v2\/pages\/10","targetHints":{"allow":["GET"]}}],"collection":[{"href":"https:\/\/vefir.borgo.is\/bjartur-hunang\/index.php\/wp-json\/wp\/v2\/pages"}],"about":[{"href":"https:\/\/vefir.borgo.is\/bjartur-hunang\/index.php\/wp-json\/wp\/v2\/types\/page"}],"author":[{"embeddable":true,"href":"https:\/\/vefir.borgo.is\/bjartur-hunang\/index.php\/wp-json\/wp\/v2\/users\/1"}],"replies":[{"embeddable":true,"href":"https:\/\/vefir.borgo.is\/bjartur-hunang\/index.php\/wp-json\/wp\/v2\/comments?post=10"}],"version-history":[{"count":18,"href":"https:\/\/vefir.borgo.is\/bjartur-hunang\/index.php\/wp-json\/wp\/v2\/pages\/10\/revisions"}],"predecessor-version":[{"id":314,"href":"https:\/\/vefir.borgo.is\/bjartur-hunang\/index.php\/wp-json\/wp\/v2\/pages\/10\/revisions\/314"}],"wp:attachment":[{"href":"https:\/\/vefir.borgo.is\/bjartur-hunang\/index.php\/wp-json\/wp\/v2\/media?parent=10"}],"curies":[{"name":"wp","href":"https:\/\/api.w.org\/{rel}","templated":true}]}}