{"id":105,"date":"2021-05-07T16:15:15","date_gmt":"2021-05-07T16:15:15","guid":{"rendered":"https:\/\/vefir.borgo.is\/bjartur-hunang\/index.php\/about\/"},"modified":"2021-11-02T10:57:59","modified_gmt":"2021-11-02T10:57:59","slug":"about","status":"publish","type":"page","link":"https:\/\/vefir.borgo.is\/bjartur-hunang\/index.php\/about\/","title":{"rendered":"About"},"content":{"rendered":"\t\t<div data-elementor-type=\"wp-page\" data-elementor-id=\"105\" class=\"elementor elementor-105\" data-elementor-settings=\"[]\">\n\t\t\t\t\t\t\t<div class=\"elementor-section-wrap\">\n\t\t\t\t\t\t\t<section class=\"elementor-section elementor-top-section elementor-element elementor-element-954acb8 elementor-section-boxed elementor-section-height-default elementor-section-height-default\" data-id=\"954acb8\" data-element_type=\"section\" data-settings=\"{&quot;background_background&quot;:&quot;classic&quot;,&quot;animation&quot;:&quot;none&quot;}\">\n\t\t\t\t\t\t\t<div class=\"elementor-background-overlay\"><\/div>\n\t\t\t\t\t\t\t<div class=\"elementor-container elementor-column-gap-no\">\n\t\t\t\t\t<div class=\"elementor-column elementor-col-100 elementor-top-column elementor-element elementor-element-77d49fb\" data-id=\"77d49fb\" data-element_type=\"column\">\n\t\t\t<div class=\"elementor-widget-wrap elementor-element-populated\">\n\t\t\t\t\t\t\t\t<div class=\"elementor-element elementor-element-4164874 elementor-widget elementor-widget-heading\" data-id=\"4164874\" data-element_type=\"widget\" data-widget_type=\"heading.default\">\n\t\t\t\t<div class=\"elementor-widget-container\">\n\t\t\t<h1 class=\"elementor-heading-title elementor-size-default\">Um Okkur<\/h1>\t\t<\/div>\n\t\t\t\t<\/div>\n\t\t\t\t\t<\/div>\n\t\t<\/div>\n\t\t\t\t\t\t\t<\/div>\n\t\t<\/section>\n\t\t\t\t<section class=\"elementor-section elementor-top-section elementor-element elementor-element-c3c7397 elementor-section-boxed elementor-section-height-default elementor-section-height-default\" data-id=\"c3c7397\" data-element_type=\"section\">\n\t\t\t\t\t\t<div class=\"elementor-container elementor-column-gap-no\">\n\t\t\t\t\t<div class=\"elementor-column elementor-col-100 elementor-top-column elementor-element elementor-element-706dbbf\" data-id=\"706dbbf\" data-element_type=\"column\">\n\t\t\t<div class=\"elementor-widget-wrap elementor-element-populated\">\n\t\t\t\t\t\t\t\t<div class=\"elementor-element elementor-element-8fc1c07 elementor-widget elementor-widget-heading\" data-id=\"8fc1c07\" data-element_type=\"widget\" data-widget_type=\"heading.default\">\n\t\t\t\t<div class=\"elementor-widget-container\">\n\t\t\t<h4 class=\"elementor-heading-title elementor-size-default\"><br>Vi\u00f0 erum reyndir og \u00e1str\u00ed\u00f0ufullir kokkar sem vilja bj\u00f3\u00f0a \u00fe\u00e9r bestu <br>kr\u00e6singarnar sem munu fulln\u00e6gja brag\u00f0laukanum \u00fe\u00ednum.<\/h4>\t\t<\/div>\n\t\t\t\t<\/div>\n\t\t\t\t<div class=\"elementor-element elementor-element-b99c008 elementor-widget elementor-widget-image\" data-id=\"b99c008\" data-element_type=\"widget\" data-widget_type=\"image.default\">\n\t\t\t\t<div class=\"elementor-widget-container\">\n\t\t\t\t\t\t\t\t\t\t\t\t\t\t\t<img loading=\"lazy\" decoding=\"async\" width=\"1280\" height=\"960\" src=\"https:\/\/vefir.borgo.is\/bjartur-hunang\/wp-content\/uploads\/2021\/10\/honey-honey-jar-honey-sales-5732.jpg\" class=\"attachment-full size-full\" alt=\"honey, honey jar, honey sales-5732.jpg\" srcset=\"https:\/\/vefir.borgo.is\/bjartur-hunang\/wp-content\/uploads\/2021\/10\/honey-honey-jar-honey-sales-5732.jpg 1280w, https:\/\/vefir.borgo.is\/bjartur-hunang\/wp-content\/uploads\/2021\/10\/honey-honey-jar-honey-sales-5732-300x225.jpg 300w, https:\/\/vefir.borgo.is\/bjartur-hunang\/wp-content\/uploads\/2021\/10\/honey-honey-jar-honey-sales-5732-1024x768.jpg 1024w, https:\/\/vefir.borgo.is\/bjartur-hunang\/wp-content\/uploads\/2021\/10\/honey-honey-jar-honey-sales-5732-768x576.jpg 768w\" sizes=\"auto, (max-width: 1280px) 100vw, 1280px\" \/>\t\t\t\t\t\t\t\t\t\t\t\t\t\t\t<\/div>\n\t\t\t\t<\/div>\n\t\t\t\t\t<\/div>\n\t\t<\/div>\n\t\t\t\t\t\t\t<\/div>\n\t\t<\/section>\n\t\t\t\t<section class=\"elementor-section elementor-top-section elementor-element elementor-element-23dc75b elementor-section-boxed elementor-section-height-default elementor-section-height-default\" data-id=\"23dc75b\" data-element_type=\"section\">\n\t\t\t\t\t\t<div class=\"elementor-container elementor-column-gap-no\">\n\t\t\t\t\t<div class=\"elementor-column elementor-col-100 elementor-top-column elementor-element elementor-element-abe5108\" data-id=\"abe5108\" data-element_type=\"column\">\n\t\t\t<div class=\"elementor-widget-wrap elementor-element-populated\">\n\t\t\t\t\t\t\t\t<div class=\"elementor-element elementor-element-6a4afa1 elementor-widget__width-auto elementor-widget-mobile__width-inherit elementor-widget elementor-widget-heading\" data-id=\"6a4afa1\" data-element_type=\"widget\" data-widget_type=\"heading.default\">\n\t\t\t\t<div class=\"elementor-widget-container\">\n\t\t\t<h2 class=\"elementor-heading-title elementor-size-default\">Our History\n<\/h2>\t\t<\/div>\n\t\t\t\t<\/div>\n\t\t\t\t<div class=\"elementor-element elementor-element-a72b8b2 elementor-position-left elementor-vertical-align-top elementor-widget elementor-widget-image-box\" data-id=\"a72b8b2\" data-element_type=\"widget\" data-widget_type=\"image-box.default\">\n\t\t\t\t<div class=\"elementor-widget-container\">\n\t\t\t<div class=\"elementor-image-box-wrapper\"><div class=\"elementor-image-box-content\"><h4 class=\"elementor-image-box-title\">Most loved steak house since 1985<\/h4><p class=\"elementor-image-box-description\">Hunangssagan okkar n\u00e6r aftur til \u00e1rsins 1985 \u00feegar Bjartur, sj\u00e1lfur hunangsunnandi, f\u00e9kk \u00fe\u00e1 l\u00f6ngun til a\u00f0 bera fram d\u00fdrindis uppskriftir fyrir matg\u00e6\u00f0ingar eins og hann. \n\nHann stofnu\u00f0i l\u00edti\u00f0 matarbo\u00f0 sem bau\u00f0 eing\u00f6ngu upp \u00e1 gos. \u00deegar hann s\u00e1 \u00e1stina sem borgin haf\u00f0i fyrir hunangi, st\u00e6kka\u00f0i hann h\u00f3pinn sinn me\u00f0 8 kokkum til vi\u00f0b\u00f3tar fr\u00e1 mismunandi landshlutum svo vi\u00f0 g\u00e6tum bori\u00f0 fram meiri fj\u00f6lbreytni \u00e1 bor\u00f0i\u00f0.\n\nS\u00ed\u00f0an \u00fe\u00e1 h\u00f6fum vi\u00f0 veri\u00f0 \u00feekkt sem bestu hunagsburggarar \u00ed b\u00e6num og \u00fej\u00f3na yfir 1000 vi\u00f0skiptavinum \u00e1 hverjum degi. Au\u00f0mj\u00fak yfir \u00e1stinni sem vi\u00f0 h\u00f6fum fengi\u00f0, kappkostum vi\u00f0 a\u00f0 halda \u00e1fram a\u00f0 gefa \u00fe\u00e9r \u00fea\u00f0 besta.\n<\/p><\/div><\/div>\t\t<\/div>\n\t\t\t\t<\/div>\n\t\t\t\t\t<\/div>\n\t\t<\/div>\n\t\t\t\t\t\t\t<\/div>\n\t\t<\/section>\n\t\t\t\t<section class=\"elementor-section elementor-top-section elementor-element elementor-element-907abb9 elementor-section-boxed elementor-section-height-default elementor-section-height-default\" data-id=\"907abb9\" data-element_type=\"section\" data-settings=\"{&quot;background_background&quot;:&quot;classic&quot;}\">\n\t\t\t\t\t\t\t<div class=\"elementor-background-overlay\"><\/div>\n\t\t\t\t\t\t\t<div class=\"elementor-container elementor-column-gap-default\">\n\t\t\t\t\t<div class=\"elementor-column elementor-col-100 elementor-top-column elementor-element elementor-element-898eeff\" data-id=\"898eeff\" data-element_type=\"column\">\n\t\t\t<div class=\"elementor-widget-wrap\">\n\t\t\t\t\t\t\t\t\t<\/div>\n\t\t<\/div>\n\t\t\t\t\t\t\t<\/div>\n\t\t<\/section>\n\t\t\t\t\t\t<\/div>\n\t\t\t\t\t<\/div>\n\t\t","protected":false},"excerpt":{"rendered":"<p>Um Okkur Vi\u00f0 erum reyndir og \u00e1str\u00ed\u00f0ufullir kokkar sem vilja bj\u00f3\u00f0a \u00fe\u00e9r bestu kr\u00e6singarnar sem munu fulln\u00e6gja brag\u00f0laukanum \u00fe\u00ednum. Our History Most loved steak house since 1985 Hunangssagan okkar n\u00e6r aftur til \u00e1rsins 1985 \u00feegar Bjartur, sj\u00e1lfur hunangsunnandi, f\u00e9kk \u00fe\u00e1 l\u00f6ngun til a\u00f0 bera fram d\u00fdrindis uppskriftir fyrir matg\u00e6\u00f0ingar eins og hann. Hann stofnu\u00f0i l\u00edti\u00f0 &hellip;<\/p>\n<p class=\"read-more\"> <a class=\"\" href=\"https:\/\/vefir.borgo.is\/bjartur-hunang\/index.php\/about\/\"> <span class=\"screen-reader-text\">About<\/span> Read More &raquo;<\/a><\/p>\n","protected":false},"author":1,"featured_media":0,"parent":0,"menu_order":0,"comment_status":"closed","ping_status":"closed","template":"","meta":{"site-sidebar-layout":"no-sidebar","site-content-layout":"page-builder","ast-main-header-display":"","ast-hfb-above-header-display":"","ast-hfb-below-header-display":"","ast-hfb-mobile-header-display":"","site-post-title":"disabled","ast-breadcrumbs-content":"","ast-featured-img":"disabled","footer-sml-layout":"","theme-transparent-header-meta":"enabled","adv-header-id-meta":"","stick-header-meta":"","header-above-stick-meta":"","header-main-stick-meta":"","header-below-stick-meta":"","footnotes":""},"class_list":["post-105","page","type-page","status-publish","hentry"],"_links":{"self":[{"href":"https:\/\/vefir.borgo.is\/bjartur-hunang\/index.php\/wp-json\/wp\/v2\/pages\/105","targetHints":{"allow":["GET"]}}],"collection":[{"href":"https:\/\/vefir.borgo.is\/bjartur-hunang\/index.php\/wp-json\/wp\/v2\/pages"}],"about":[{"href":"https:\/\/vefir.borgo.is\/bjartur-hunang\/index.php\/wp-json\/wp\/v2\/types\/page"}],"author":[{"embeddable":true,"href":"https:\/\/vefir.borgo.is\/bjartur-hunang\/index.php\/wp-json\/wp\/v2\/users\/1"}],"replies":[{"embeddable":true,"href":"https:\/\/vefir.borgo.is\/bjartur-hunang\/index.php\/wp-json\/wp\/v2\/comments?post=105"}],"version-history":[{"count":7,"href":"https:\/\/vefir.borgo.is\/bjartur-hunang\/index.php\/wp-json\/wp\/v2\/pages\/105\/revisions"}],"predecessor-version":[{"id":293,"href":"https:\/\/vefir.borgo.is\/bjartur-hunang\/index.php\/wp-json\/wp\/v2\/pages\/105\/revisions\/293"}],"wp:attachment":[{"href":"https:\/\/vefir.borgo.is\/bjartur-hunang\/index.php\/wp-json\/wp\/v2\/media?parent=105"}],"curies":[{"name":"wp","href":"https:\/\/api.w.org\/{rel}","templated":true}]}}