{"id":19,"date":"2021-03-02T08:55:23","date_gmt":"2021-03-02T08:55:23","guid":{"rendered":"https:\/\/vefir.borgo.is\/marianna\/index.php\/home\/"},"modified":"2021-11-09T11:49:13","modified_gmt":"2021-11-09T11:49:13","slug":"home","status":"publish","type":"page","link":"https:\/\/vefir.borgo.is\/marianna\/","title":{"rendered":"Home"},"content":{"rendered":"\t\t<div data-elementor-type=\"wp-page\" data-elementor-id=\"19\" class=\"elementor elementor-19\" data-elementor-settings=\"[]\">\n\t\t\t\t\t\t\t<div class=\"elementor-section-wrap\">\n\t\t\t\t\t\t\t<section class=\"elementor-section elementor-top-section elementor-element elementor-element-e4886b3 elementor-section-height-full elementor-section-items-bottom elementor-section-boxed elementor-section-height-default\" data-id=\"e4886b3\" data-element_type=\"section\" data-settings=\"{&quot;background_background&quot;:&quot;classic&quot;}\">\n\t\t\t\t\t\t\t<div class=\"elementor-background-overlay\"><\/div>\n\t\t\t\t\t\t\t<div class=\"elementor-container elementor-column-gap-no\">\n\t\t\t\t\t<div class=\"elementor-column elementor-col-100 elementor-top-column elementor-element elementor-element-c0b3dad\" data-id=\"c0b3dad\" data-element_type=\"column\">\n\t\t\t<div class=\"elementor-widget-wrap elementor-element-populated\">\n\t\t\t\t\t\t\t\t<div class=\"elementor-element elementor-element-931bf8b elementor-widget elementor-widget-heading\" data-id=\"931bf8b\" data-element_type=\"widget\" data-widget_type=\"heading.default\">\n\t\t\t\t<div class=\"elementor-widget-container\">\n\t\t\t<h1 class=\"elementor-heading-title elementor-size-default\">Icelandic Street Art<\/h1>\t\t<\/div>\n\t\t\t\t<\/div>\n\t\t\t\t<div class=\"elementor-element elementor-element-bc76a92 elementor-align-center elementor-widget elementor-widget-button\" data-id=\"bc76a92\" data-element_type=\"widget\" data-widget_type=\"button.default\">\n\t\t\t\t<div class=\"elementor-widget-container\">\n\t\t\t\t\t<div class=\"elementor-button-wrapper\">\n\t\t\t<a href=\"#bio\" class=\"elementor-button-link elementor-button elementor-size-sm\" role=\"button\">\n\t\t\t\t\t\t<span class=\"elementor-button-content-wrapper\">\n\t\t\t\t\t\t<span class=\"elementor-button-text\">Graffiti<\/span>\n\t\t<\/span>\n\t\t\t\t\t<\/a>\n\t\t<\/div>\n\t\t\t\t<\/div>\n\t\t\t\t<\/div>\n\t\t\t\t\t<\/div>\n\t\t<\/div>\n\t\t\t\t\t\t\t<\/div>\n\t\t<\/section>\n\t\t\t\t<section class=\"elementor-section elementor-top-section elementor-element elementor-element-4dd12f4 elementor-section-boxed elementor-section-height-default elementor-section-height-default\" data-id=\"4dd12f4\" data-element_type=\"section\" id=\"bio\">\n\t\t\t\t\t\t<div class=\"elementor-container elementor-column-gap-no\">\n\t\t\t\t\t<div class=\"elementor-column elementor-col-100 elementor-top-column elementor-element elementor-element-d40c8b2\" data-id=\"d40c8b2\" data-element_type=\"column\">\n\t\t\t<div class=\"elementor-widget-wrap elementor-element-populated\">\n\t\t\t\t\t\t\t\t<section class=\"elementor-section elementor-inner-section elementor-element elementor-element-ca245ea elementor-section-boxed elementor-section-height-default elementor-section-height-default\" data-id=\"ca245ea\" data-element_type=\"section\">\n\t\t\t\t\t\t<div class=\"elementor-container elementor-column-gap-no\">\n\t\t\t\t\t<div class=\"elementor-column elementor-col-50 elementor-inner-column elementor-element elementor-element-a7435a2\" data-id=\"a7435a2\" data-element_type=\"column\">\n\t\t\t<div class=\"elementor-widget-wrap elementor-element-populated\">\n\t\t\t\t\t\t\t\t<div class=\"elementor-element elementor-element-71219c8 elementor-widget elementor-widget-heading\" data-id=\"71219c8\" data-element_type=\"widget\" data-widget_type=\"heading.default\">\n\t\t\t\t<div class=\"elementor-widget-container\">\n\t\t\t<h2 class=\"elementor-heading-title elementor-size-default\">Street art in reykjavik<\/h2>\t\t<\/div>\n\t\t\t\t<\/div>\n\t\t\t\t\t<\/div>\n\t\t<\/div>\n\t\t\t\t<div class=\"elementor-column elementor-col-50 elementor-inner-column elementor-element elementor-element-7844d14\" data-id=\"7844d14\" data-element_type=\"column\">\n\t\t\t<div class=\"elementor-widget-wrap elementor-element-populated\">\n\t\t\t\t\t\t\t\t<div class=\"elementor-element elementor-element-9d38b1f elementor-widget elementor-widget-text-editor\" data-id=\"9d38b1f\" data-element_type=\"widget\" data-widget_type=\"text-editor.default\">\n\t\t\t\t<div class=\"elementor-widget-container\">\n\t\t\t\t\t\t\t<p><span class=\"VIiyi\" lang=\"is\" style=\"-webkit-tap-highlight-color: transparent; display: inline; color: #000000; font-family: Roboto, RobotoDraft, Helvetica, Arial, sans-serif; font-size: 18px; white-space: pre-wrap; background-color: #f5f5f5;\"><span class=\"JLqJ4b ChMk0b\" style=\"-webkit-tap-highlight-color: transparent; cursor: pointer; background-color: #d2e3fc;\" data-language-for-alternatives=\"is\" data-language-to-translate-into=\"en\" data-phrase-index=\"0\" data-number-of-phrases=\"3\"><span style=\"-webkit-tap-highlight-color: transparent;\">G\u00f6tulist \u00ed Reykjav\u00edk er n\u00fd vi\u00f0b\u00f3t vi\u00f0 borgina sem \u00fer\u00f3a\u00f0ist \u00e1 fr\u00e1 \u00e1rinu 1990.<\/span><\/span> <span class=\"JLqJ4b ChMk0b\" style=\"-webkit-tap-highlight-color: transparent; cursor: pointer;\" data-language-for-alternatives=\"is\" data-language-to-translate-into=\"en\" data-phrase-index=\"1\" data-number-of-phrases=\"3\"><span style=\"-webkit-tap-highlight-color: transparent;\">V\u00ed\u00f0s vegar um borgina eru veggir og h\u00fasasundir uppl\u00fdstir me\u00f0 m\u00f6gnu\u00f0um listaverkum.<\/span><\/span> <span class=\"JLqJ4b ChMk0b\" style=\"-webkit-tap-highlight-color: transparent; cursor: pointer;\" data-language-for-alternatives=\"is\" data-language-to-translate-into=\"en\" data-phrase-index=\"2\" data-number-of-phrases=\"3\"><span style=\"-webkit-tap-highlight-color: transparent;\">Fr\u00e1 Drak\u00fala til hvala, borgin hefur veggmyndir og m\u00e1lverk vi\u00f0 allra h\u00e6fi.<\/span><\/span><\/span> <\/p>\t\t\t\t\t\t<\/div>\n\t\t\t\t<\/div>\n\t\t\t\t\t<\/div>\n\t\t<\/div>\n\t\t\t\t\t\t\t<\/div>\n\t\t<\/section>\n\t\t\t\t<div class=\"elementor-element elementor-element-bfa437d elementor-align-right elementor-widget elementor-widget-button\" data-id=\"bfa437d\" data-element_type=\"widget\" data-widget_type=\"button.default\">\n\t\t\t\t<div class=\"elementor-widget-container\">\n\t\t\t\t\t<div class=\"elementor-button-wrapper\">\n\t\t\t<a href=\"https:\/\/vefir.borgo.is\/marianna\/index.php\/sample-page\/\" class=\"elementor-button-link elementor-button elementor-size-sm\" role=\"button\">\n\t\t\t\t\t\t<span class=\"elementor-button-content-wrapper\">\n\t\t\t\t\t\t<span class=\"elementor-button-icon elementor-align-icon-right\">\n\t\t\t\t<svg xmlns=\"http:\/\/www.w3.org\/2000\/svg\" viewBox=\"0 0 2048 2048\"><path d=\"M6.125 1088h1797.89l-402.976 403 89.994 90L2048 1024l-556.966-557-89.994 90 402.976 403H6.125v128z\"><\/path><\/svg>\t\t\t<\/span>\n\t\t\t\t\t\t<span class=\"elementor-button-text\">Read More<\/span>\n\t\t<\/span>\n\t\t\t\t\t<\/a>\n\t\t<\/div>\n\t\t\t\t<\/div>\n\t\t\t\t<\/div>\n\t\t\t\t<section class=\"elementor-section elementor-inner-section elementor-element elementor-element-b4908dc elementor-section-boxed elementor-section-height-default elementor-section-height-default\" data-id=\"b4908dc\" data-element_type=\"section\">\n\t\t\t\t\t\t<div class=\"elementor-container elementor-column-gap-no\">\n\t\t\t\t\t<div class=\"elementor-column elementor-col-33 elementor-inner-column elementor-element elementor-element-067acc1\" data-id=\"067acc1\" data-element_type=\"column\">\n\t\t\t<div class=\"elementor-widget-wrap elementor-element-populated\">\n\t\t\t\t\t\t\t\t<div class=\"elementor-element elementor-element-aef2447 elementor-widget elementor-widget-heading\" data-id=\"aef2447\" data-element_type=\"widget\" data-widget_type=\"heading.default\">\n\t\t\t\t<div class=\"elementor-widget-container\">\n\t\t\t<h2 class=\"elementor-heading-title elementor-size-default\">furry flight\n<\/h2>\t\t<\/div>\n\t\t\t\t<\/div>\n\t\t\t\t<div class=\"elementor-element elementor-element-04408d6 elementor-widget elementor-widget-heading\" data-id=\"04408d6\" data-element_type=\"widget\" data-widget_type=\"heading.default\">\n\t\t\t\t<div class=\"elementor-widget-container\">\n\t\t\t<h5 class=\"elementor-heading-title elementor-size-default\">Nj\u00e1lsgata<br><img decoding=\"async\" src=\"https:\/\/across106thstreet.files.wordpress.com\/2018\/04\/reykjavik-7.jpg?w=640\" alt=\"Exploring the Back Streets of Reykjav\u00edk | across106thstreet\" jsname=\"HiaYvf\" jsaction=\"load:XAeZkd;\" class=\"n3VNCb\" data-noaft=\"1\" style=\"caret-color: rgb(0, 0, 0); color: rgb(0, 0, 0); font-weight: normal; text-transform: none; white-space: normal; width: 509.44900351699886px; height: 679px; margin: 0px;\"><\/h5>\t\t<\/div>\n\t\t\t\t<\/div>\n\t\t\t\t<div class=\"elementor-element elementor-element-e057966 elementor-widget elementor-widget-text-editor\" data-id=\"e057966\" data-element_type=\"widget\" data-widget_type=\"text-editor.default\">\n\t\t\t\t<div class=\"elementor-widget-container\">\n\t\t\t\t\t\t\t\t\t\t\t\t\t<\/div>\n\t\t\t\t<\/div>\n\t\t\t\t\t<\/div>\n\t\t<\/div>\n\t\t\t\t<div class=\"elementor-column elementor-col-33 elementor-inner-column elementor-element elementor-element-943edfc\" data-id=\"943edfc\" data-element_type=\"column\">\n\t\t\t<div class=\"elementor-widget-wrap elementor-element-populated\">\n\t\t\t\t\t\t\t\t<div class=\"elementor-element elementor-element-0eb429e elementor-widget elementor-widget-heading\" data-id=\"0eb429e\" data-element_type=\"widget\" data-widget_type=\"heading.default\">\n\t\t\t\t<div class=\"elementor-widget-container\">\n\t\t\t<h2 class=\"elementor-heading-title elementor-size-default\">ode to mother<\/h2>\t\t<\/div>\n\t\t\t\t<\/div>\n\t\t\t\t<div class=\"elementor-element elementor-element-0da2953 elementor-widget elementor-widget-heading\" data-id=\"0da2953\" data-element_type=\"widget\" data-widget_type=\"heading.default\">\n\t\t\t\t<div class=\"elementor-widget-container\">\n\t\t\t<h5 class=\"elementor-heading-title elementor-size-default\">laugavegur<br><img decoding=\"async\" src=\"https:\/\/www.cooltraveliceland.com\/wp-content\/uploads\/2021\/01\/ode-to-mother-laugavegur-907x1024.jpg\" alt=\"The Coolest Street Art in Reykjavik | Cool Travel Iceland\" jsname=\"HiaYvf\" jsaction=\"load:XAeZkd;\" class=\"n3VNCb\" data-noaft=\"1\" style=\"caret-color: rgb(0, 0, 0); color: rgb(0, 0, 0); font-weight: normal; text-transform: none; white-space: normal; width: 527px; height: 594.981256890849px; margin: 0px;\"><\/h5>\t\t<\/div>\n\t\t\t\t<\/div>\n\t\t\t\t<div class=\"elementor-element elementor-element-9a38fd4 elementor-widget elementor-widget-text-editor\" data-id=\"9a38fd4\" data-element_type=\"widget\" data-widget_type=\"text-editor.default\">\n\t\t\t\t<div class=\"elementor-widget-container\">\n\t\t\t\t\t\t\t\t\t\t\t\t\t<\/div>\n\t\t\t\t<\/div>\n\t\t\t\t\t<\/div>\n\t\t<\/div>\n\t\t\t\t<div class=\"elementor-column elementor-col-33 elementor-inner-column elementor-element elementor-element-f7fe683\" data-id=\"f7fe683\" data-element_type=\"column\">\n\t\t\t<div class=\"elementor-widget-wrap elementor-element-populated\">\n\t\t\t\t\t\t\t\t<div class=\"elementor-element elementor-element-e4e3ddc elementor-widget elementor-widget-heading\" data-id=\"e4e3ddc\" data-element_type=\"widget\" data-widget_type=\"heading.default\">\n\t\t\t\t<div class=\"elementor-widget-container\">\n\t\t\t<h2 class=\"elementor-heading-title elementor-size-default\">that flying unicorn<\/h2>\t\t<\/div>\n\t\t\t\t<\/div>\n\t\t\t\t<div class=\"elementor-element elementor-element-d51ec5f elementor-widget elementor-widget-heading\" data-id=\"d51ec5f\" data-element_type=\"widget\" data-widget_type=\"heading.default\">\n\t\t\t\t<div class=\"elementor-widget-container\">\n\t\t\t<h5 class=\"elementor-heading-title elementor-size-default\">Su\u00f0urgata<br><img decoding=\"async\" src=\"https:\/\/jenslater.files.wordpress.com\/2017\/09\/img-3092-e1505483413260.jpg\" alt=\"Activists in Reykjavik launch the new Around the Toilet film | Jen Slater  [they\/them]\" jsname=\"HiaYvf\" jsaction=\"load:XAeZkd;\" class=\"n3VNCb\" data-noaft=\"1\" style=\"caret-color: rgb(0, 0, 0); color: rgb(0, 0, 0); font-weight: normal; text-transform: none; white-space: normal; width: 509.45802696078437px; height: 679px; margin: 0px;\"><\/h5>\t\t<\/div>\n\t\t\t\t<\/div>\n\t\t\t\t<div class=\"elementor-element elementor-element-a7d7f66 elementor-widget elementor-widget-text-editor\" data-id=\"a7d7f66\" data-element_type=\"widget\" data-widget_type=\"text-editor.default\">\n\t\t\t\t<div class=\"elementor-widget-container\">\n\t\t\t\t\t\t\t\t\t\t\t\t\t<\/div>\n\t\t\t\t<\/div>\n\t\t\t\t\t<\/div>\n\t\t<\/div>\n\t\t\t\t\t\t\t<\/div>\n\t\t<\/section>\n\t\t\t\t\t<\/div>\n\t\t<\/div>\n\t\t\t\t\t\t\t<\/div>\n\t\t<\/section>\n\t\t\t\t\t\t<\/div>\n\t\t\t\t\t<\/div>\n\t\t","protected":false},"excerpt":{"rendered":"<p>Icelandic Street Art Graffiti Street art in reykjavik G\u00f6tulist \u00ed Reykjav\u00edk er n\u00fd vi\u00f0b\u00f3t vi\u00f0 borgina sem \u00fer\u00f3a\u00f0ist \u00e1 fr\u00e1 \u00e1rinu 1990. V\u00ed\u00f0s vegar um borgina eru veggir og h\u00fasasundir uppl\u00fdstir me\u00f0 m\u00f6gnu\u00f0um listaverkum. Fr\u00e1 Drak\u00fala til hvala, borgin hefur veggmyndir og m\u00e1lverk vi\u00f0 allra h\u00e6fi. Read More furry flight Nj\u00e1lsgata ode to mother laugavegur &hellip;<\/p>\n<p class=\"read-more\"> <a class=\"\" href=\"https:\/\/vefir.borgo.is\/marianna\/\"> <span class=\"screen-reader-text\">Home<\/span> Read More &raquo;<\/a><\/p>\n","protected":false},"author":1,"featured_media":0,"parent":0,"menu_order":0,"comment_status":"closed","ping_status":"closed","template":"","meta":{"footnotes":""},"class_list":["post-19","page","type-page","status-publish","hentry"],"_links":{"self":[{"href":"https:\/\/vefir.borgo.is\/marianna\/index.php\/wp-json\/wp\/v2\/pages\/19","targetHints":{"allow":["GET"]}}],"collection":[{"href":"https:\/\/vefir.borgo.is\/marianna\/index.php\/wp-json\/wp\/v2\/pages"}],"about":[{"href":"https:\/\/vefir.borgo.is\/marianna\/index.php\/wp-json\/wp\/v2\/types\/page"}],"author":[{"embeddable":true,"href":"https:\/\/vefir.borgo.is\/marianna\/index.php\/wp-json\/wp\/v2\/users\/1"}],"replies":[{"embeddable":true,"href":"https:\/\/vefir.borgo.is\/marianna\/index.php\/wp-json\/wp\/v2\/comments?post=19"}],"version-history":[{"count":48,"href":"https:\/\/vefir.borgo.is\/marianna\/index.php\/wp-json\/wp\/v2\/pages\/19\/revisions"}],"predecessor-version":[{"id":822,"href":"https:\/\/vefir.borgo.is\/marianna\/index.php\/wp-json\/wp\/v2\/pages\/19\/revisions\/822"}],"wp:attachment":[{"href":"https:\/\/vefir.borgo.is\/marianna\/index.php\/wp-json\/wp\/v2\/media?parent=19"}],"curies":[{"name":"wp","href":"https:\/\/api.w.org\/{rel}","templated":true}]}}