{"id":2,"date":"2021-10-04T19:37:10","date_gmt":"2021-10-04T19:37:10","guid":{"rendered":"https:\/\/vefir.borgo.is\/marianna\/?page_id=2"},"modified":"2021-11-02T08:34:04","modified_gmt":"2021-11-02T08:34:04","slug":"sample-page","status":"publish","type":"page","link":"https:\/\/vefir.borgo.is\/marianna\/index.php\/sample-page\/","title":{"rendered":"read more"},"content":{"rendered":"\t\t<div data-elementor-type=\"wp-page\" data-elementor-id=\"2\" class=\"elementor elementor-2\" data-elementor-settings=\"[]\">\n\t\t\t\t\t\t\t<div class=\"elementor-section-wrap\">\n\t\t\t\t\t\t\t<section class=\"elementor-section elementor-top-section elementor-element elementor-element-1f0d67db elementor-section-boxed elementor-section-height-default elementor-section-height-default\" data-id=\"1f0d67db\" data-element_type=\"section\">\n\t\t\t\t\t\t<div class=\"elementor-container elementor-column-gap-default\">\n\t\t\t\t\t<div class=\"elementor-column elementor-col-100 elementor-top-column elementor-element elementor-element-2936e5c0\" data-id=\"2936e5c0\" data-element_type=\"column\" data-settings=\"{&quot;background_background&quot;:&quot;classic&quot;}\">\n\t\t\t<div class=\"elementor-widget-wrap elementor-element-populated\">\n\t\t\t\t\t<div class=\"elementor-background-overlay\"><\/div>\n\t\t\t\t\t\t\t\t<div class=\"elementor-element elementor-element-583acd1e elementor-widget elementor-widget-text-editor\" data-id=\"583acd1e\" data-element_type=\"widget\" data-widget_type=\"text-editor.default\">\n\t\t\t\t<div class=\"elementor-widget-container\">\n\t\t\t\t\t\t\t<p><!-- wp:paragraph --><\/p>\n<p><strong>Eins og sagan segir<\/strong><\/p>\n<p><!-- \/wp:paragraph --><\/p>\n<p><!-- wp:quote --><\/p>\n<p><!-- \/wp:quote --><\/p>\n<p><!-- wp:paragraph --><\/p>\n<p>\u00a0<\/p>\n<p><!-- \/wp:paragraph --><\/p>\n<p><!-- wp:quote --><\/p>\n<div class=\"J0lOec\"><span class=\"VIiyi\" lang=\"is\"><span class=\"JLqJ4b\" data-language-for-alternatives=\"is\" data-language-to-translate-into=\"en\" data-phrase-index=\"0\" data-number-of-phrases=\"1\">Eins og hver \u00f6nnur borg me\u00f0 g\u00f6tulist er h\u00fan eitthva\u00f0 sem hefur \u00fer\u00f3ast og \u00fer\u00f3ast me\u00f0 t\u00edmanum. Reykjav\u00edk byrja\u00f0i seint me\u00f0 fyrstu veggmyndirnar sem birtust \u00e1 \u00e1ratugnum 1990. Allan 1990 og snemma \u00e1 2000 voru flest g\u00f6tulistaverkin \u00ed Reykjav\u00edk algeng merking og veggjakrot sem h\u00e6gt er a\u00f0 sj\u00e1 \u00e1 undirg\u00f6ngum og br\u00faarsto\u00f0um um allan heim. \u00deessi st\u00edll byrja\u00f0i a\u00f0 birtast \u00ed Miklabraut undirg\u00f6ngum sem liggur a\u00f0 Klambrat\u00fani og dreif\u00f0ist s\u00ed\u00f0an um borgina. \u00c1 \u00e1runum 2015 og 2016 \u00fer\u00f3a\u00f0i verkefni \u00e1 milli Urban Nation og Icelandic Airwaves Festival veggmyndaverkefni v\u00ed\u00f0s vegar um borgina sem kallast Wall Poetry. \u00cdslenska Airwaves h\u00e1t\u00ed\u00f0in er st\u00f3r h\u00e1t\u00ed\u00f0 sem haldin er \u00ed borginni \u00ed n\u00f3vember \u00e1r hvert me\u00f0 fullt af hlj\u00f3msveitum og \u00fe\u00fasundum gesta hva\u00f0an\u00e6va a\u00f0 \u00far heiminum koma til borgarinnar. Urban Nation fr\u00e1 Berl\u00edn hj\u00e1lpa\u00f0i til vi\u00f0 a\u00f0 tengja saman listamenn og t\u00f3nlistarmenn. Al\u00fej\u00f3\u00f0legu listamennirnir h\u00f6nnu\u00f0u heilu byggingarhli\u00f0ar vegglistarinnar innbl\u00e1snar af t\u00f3nlistinni sem n\u00e6r yfir margar byggingar \u00ed helstu g\u00f6tum borgarinnar.<\/span><\/span><\/div>\n<div>\u00a0<\/div>\n<div><img loading=\"lazy\" decoding=\"async\" class=\"size-medium wp-image-730 aligncenter\" src=\"https:\/\/vefir.borgo.is\/marianna\/wp-content\/uploads\/2021\/11\/gongin-vid-klamratun-300x225.jpg\" alt=\"\" width=\"300\" height=\"225\" srcset=\"https:\/\/vefir.borgo.is\/marianna\/wp-content\/uploads\/2021\/11\/gongin-vid-klamratun-300x225.jpg 300w, https:\/\/vefir.borgo.is\/marianna\/wp-content\/uploads\/2021\/11\/gongin-vid-klamratun-768x576.jpg 768w, https:\/\/vefir.borgo.is\/marianna\/wp-content\/uploads\/2021\/11\/gongin-vid-klamratun.jpg 900w\" sizes=\"auto, (max-width: 300px) 100vw, 300px\" \/><\/div>\n<div class=\"UdTY9 Yb6eTe\" aria-hidden=\"true\" data-location=\"2\">\n<div class=\"kO6q6e\">\u00a0<\/div>\n<\/div>\n<div class=\"BdDRKe\">\n<div class=\"aJIq1d DSmisd\" data-language-code=\"is\" data-language-name=\"\u00edslenska\" data-text=\"Eins og hver \u00f6nnur borg me\u00f0 g\u00f6tulist er h\u00fan eitthva\u00f0 sem hefur \u00fer\u00f3ast og \u00fer\u00f3ast me\u00f0 t\u00edmanum. Reykjav\u00edk byrja\u00f0i seint me\u00f0 fyrstu veggmyndirnar sem birtust \u00e1 t\u00edunda \u00e1ratugnum. Allan 1990 og snemma \u00e1 2000 voru flest g\u00f6tulistaverkin \u00ed Reykjav\u00edk algeng merking og veggjakrot sem h\u00e6gt er a\u00f0 sj\u00e1 \u00e1 undirg\u00f6ngum og br\u00faarsto\u00f0um um allan heim. \u00deessi st\u00edll byrja\u00f0i a\u00f0 birtast \u00ed Miklabraut undirg\u00f6ngum sem liggur a\u00f0 Klambrat\u00fani og dreif\u00f0ist s\u00ed\u00f0an um borgina. \u00c1 \u00e1runum 2015 og 2016 \u00fer\u00f3a\u00f0i verkefni \u00e1 milli Urban Nation og Icelandic Airwaves Festival veggmyndaverkefni v\u00ed\u00f0s vegar um borgina sem kallast Wall Poetry. \u00cdslenska Airwaves h\u00e1t\u00ed\u00f0in er st\u00f3r h\u00e1t\u00ed\u00f0 sem haldin er \u00ed borginni \u00ed n\u00f3vember \u00e1r hvert me\u00f0 fullt af hlj\u00f3msveitum og \u00fe\u00fasundum gesta hva\u00f0an\u00e6va a\u00f0 \u00far heiminum koma til borgarinnar. Urban Nation fr\u00e1 Berl\u00edn hj\u00e1lpa\u00f0i til vi\u00f0 a\u00f0 tengja saman listamenn og t\u00f3nlistarmenn. Al\u00fej\u00f3\u00f0legu listamennirnir h\u00f6nnu\u00f0u heilu byggingarhli\u00f0ar vegglistarinnar innbl\u00e1snar af t\u00f3nlistinni sem n\u00e6r yfir margar byggingar \u00ed helstu g\u00f6tum borgarinnar.\" data-crosslingual-hint=\"\" data-location=\"2\" data-enable-toggle-playback-speed=\"true\">\n<div id=\"ow177\" data-show-delay-ms=\"250\" data-append-to-body=\"true\" data-propagate-tooltip-mouseover-events=\"true\" data-anchor-corner=\"bottom-left\" data-enable-skip-handler=\"false\" data-popup-corner=\"top-left\">\n<div>\u00a0<\/div>\n<\/div>\n<\/div>\n<\/div>\n<div>\u00a0<\/div>\n<p><!-- \/wp:paragraph --><\/p>\t\t\t\t\t\t<\/div>\n\t\t\t\t<\/div>\n\t\t\t\t\t<\/div>\n\t\t<\/div>\n\t\t\t\t\t\t\t<\/div>\n\t\t<\/section>\n\t\t\t\t\t\t<\/div>\n\t\t\t\t\t<\/div>\n\t\t","protected":false},"excerpt":{"rendered":"<p>Eins og sagan segir \u00a0 Eins og hver \u00f6nnur borg me\u00f0 g\u00f6tulist er h\u00fan eitthva\u00f0 sem hefur \u00fer\u00f3ast og \u00fer\u00f3ast me\u00f0 t\u00edmanum. Reykjav\u00edk byrja\u00f0i seint me\u00f0 fyrstu veggmyndirnar sem birtust \u00e1 \u00e1ratugnum 1990. Allan 1990 og snemma \u00e1 2000 voru flest g\u00f6tulistaverkin \u00ed Reykjav\u00edk algeng merking og veggjakrot sem h\u00e6gt er a\u00f0 sj\u00e1 \u00e1 undirg\u00f6ngum &hellip;<\/p>\n<p class=\"read-more\"> <a class=\"\" href=\"https:\/\/vefir.borgo.is\/marianna\/index.php\/sample-page\/\"> <span class=\"screen-reader-text\">read more<\/span> Read More &raquo;<\/a><\/p>\n","protected":false},"author":1,"featured_media":0,"parent":0,"menu_order":0,"comment_status":"closed","ping_status":"closed","template":"","meta":{"footnotes":""},"class_list":["post-2","page","type-page","status-publish","hentry"],"_links":{"self":[{"href":"https:\/\/vefir.borgo.is\/marianna\/index.php\/wp-json\/wp\/v2\/pages\/2","targetHints":{"allow":["GET"]}}],"collection":[{"href":"https:\/\/vefir.borgo.is\/marianna\/index.php\/wp-json\/wp\/v2\/pages"}],"about":[{"href":"https:\/\/vefir.borgo.is\/marianna\/index.php\/wp-json\/wp\/v2\/types\/page"}],"author":[{"embeddable":true,"href":"https:\/\/vefir.borgo.is\/marianna\/index.php\/wp-json\/wp\/v2\/users\/1"}],"replies":[{"embeddable":true,"href":"https:\/\/vefir.borgo.is\/marianna\/index.php\/wp-json\/wp\/v2\/comments?post=2"}],"version-history":[{"count":13,"href":"https:\/\/vefir.borgo.is\/marianna\/index.php\/wp-json\/wp\/v2\/pages\/2\/revisions"}],"predecessor-version":[{"id":736,"href":"https:\/\/vefir.borgo.is\/marianna\/index.php\/wp-json\/wp\/v2\/pages\/2\/revisions\/736"}],"wp:attachment":[{"href":"https:\/\/vefir.borgo.is\/marianna\/index.php\/wp-json\/wp\/v2\/media?parent=2"}],"curies":[{"name":"wp","href":"https:\/\/api.w.org\/{rel}","templated":true}]}}