{"id":394,"date":"2021-03-03T02:25:52","date_gmt":"2021-03-03T02:25:52","guid":{"rendered":"https:\/\/vefir.borgo.is\/marianna\/index.php\/biography\/"},"modified":"2021-11-02T08:57:11","modified_gmt":"2021-11-02T08:57:11","slug":"biography","status":"publish","type":"page","link":"https:\/\/vefir.borgo.is\/marianna\/index.php\/biography\/","title":{"rendered":"Byrjunin"},"content":{"rendered":"\t\t<div data-elementor-type=\"wp-page\" data-elementor-id=\"394\" class=\"elementor elementor-394\" data-elementor-settings=\"[]\">\n\t\t\t\t\t\t\t<div class=\"elementor-section-wrap\">\n\t\t\t\t\t\t\t<section class=\"elementor-section elementor-top-section elementor-element elementor-element-d8d5da8 elementor-section-boxed elementor-section-height-default elementor-section-height-default\" data-id=\"d8d5da8\" data-element_type=\"section\">\n\t\t\t\t\t\t<div class=\"elementor-container elementor-column-gap-no\">\n\t\t\t\t\t<div class=\"elementor-column elementor-col-100 elementor-top-column elementor-element elementor-element-5d02d36\" data-id=\"5d02d36\" data-element_type=\"column\">\n\t\t\t<div class=\"elementor-widget-wrap elementor-element-populated\">\n\t\t\t\t\t\t\t\t<div class=\"elementor-element elementor-element-c797f68 elementor-widget elementor-widget-heading\" data-id=\"c797f68\" data-element_type=\"widget\" data-widget_type=\"heading.default\">\n\t\t\t\t<div class=\"elementor-widget-container\">\n\t\t\t<h1 class=\"elementor-heading-title elementor-size-default\">byrjunin<\/h1>\t\t<\/div>\n\t\t\t\t<\/div>\n\t\t\t\t<div class=\"elementor-element elementor-element-3e8c75f elementor-widget elementor-widget-image\" data-id=\"3e8c75f\" data-element_type=\"widget\" data-widget_type=\"image.default\">\n\t\t\t\t<div class=\"elementor-widget-container\">\n\t\t\t\t\t\t\t\t\t\t\t\t\t\t\t<img loading=\"lazy\" decoding=\"async\" width=\"1300\" height=\"956\" src=\"https:\/\/vefir.borgo.is\/marianna\/wp-content\/uploads\/2021\/11\/byrjunin.jpg\" class=\"attachment-full size-full\" alt=\"\" srcset=\"https:\/\/vefir.borgo.is\/marianna\/wp-content\/uploads\/2021\/11\/byrjunin.jpg 1300w, https:\/\/vefir.borgo.is\/marianna\/wp-content\/uploads\/2021\/11\/byrjunin-300x221.jpg 300w, https:\/\/vefir.borgo.is\/marianna\/wp-content\/uploads\/2021\/11\/byrjunin-1024x753.jpg 1024w, https:\/\/vefir.borgo.is\/marianna\/wp-content\/uploads\/2021\/11\/byrjunin-768x565.jpg 768w\" sizes=\"auto, (max-width: 1300px) 100vw, 1300px\" \/>\t\t\t\t\t\t\t\t\t\t\t\t\t\t\t<\/div>\n\t\t\t\t<\/div>\n\t\t\t\t<section class=\"elementor-section elementor-inner-section elementor-element elementor-element-5b53ec6 elementor-section-boxed elementor-section-height-default elementor-section-height-default\" data-id=\"5b53ec6\" data-element_type=\"section\">\n\t\t\t\t\t\t<div class=\"elementor-container elementor-column-gap-no\">\n\t\t\t\t\t<div class=\"elementor-column elementor-col-100 elementor-inner-column elementor-element elementor-element-aa70106\" data-id=\"aa70106\" data-element_type=\"column\">\n\t\t\t<div class=\"elementor-widget-wrap elementor-element-populated\">\n\t\t\t\t\t\t\t\t<div class=\"elementor-element elementor-element-a6633ba elementor-widget elementor-widget-heading\" data-id=\"a6633ba\" data-element_type=\"widget\" data-widget_type=\"heading.default\">\n\t\t\t\t<div class=\"elementor-widget-container\">\n\t\t\t<h2 class=\"elementor-heading-title elementor-size-default\"><span class=\"post__title\" itemprop=\"headline\" style=\"white-space: normal; margin: 0px 0px 15px; padding: 0px; border: 0px; font-family: Publico, Georgia, Times, &quot;Times New Roman&quot;, serif; font-size: calc(30px + (0.025 * (-600px + 100vw))); font-weight: 700; font-stretch: inherit; line-height: 1.08em; vertical-align: baseline; color: rgb(22, 31, 45); max-width: 900px;\">The History of American Graffiti:\u2019 From Subway Car to Gallery<\/span><\/h2>\t\t<\/div>\n\t\t\t\t<\/div>\n\t\t\t\t<div class=\"elementor-element elementor-element-a9fd274 elementor-widget elementor-widget-text-editor\" data-id=\"a9fd274\" data-element_type=\"widget\" data-widget_type=\"text-editor.default\">\n\t\t\t\t<div class=\"elementor-widget-container\">\n\t\t\t\t\t\t\t<p>S\u00ed\u00f0an sprengingin var\u00f0 \u00e1 borgarveggi og ne\u00f0anjar\u00f0arlestarb\u00edlum \u00e1 \u00e1ttunda \u00e1ratugnum hafa vaxandi vins\u00e6ldir veggjakrots sem listgreinar unni\u00f0 til vi\u00f0skiptalegs \u00e1rangurs fyrir listamenn s\u00edna og reglulega vi\u00f0veru \u00ed poppmenningu og samt\u00edmalistaheiminum.<\/p>\n<p>B\u00f3kin \u201eThe History of American Graffiti\u201c skr\u00e1ir \u00edtarlega \u00fer\u00f3un \u00feessarar oft umdeildu listahreyfingar um Bandar\u00edkin. Sem krakkar merktu h\u00f6fundarnir Roger Gastman og Caleb Neelon borgarm\u00fara. \u00cd dag er Gastman hli\u00f0v\u00f6r\u00f0ur milli listamanna ne\u00f0anjar\u00f0ar sem vinna \u00e1 g\u00f6tunni og almennra heimi galler\u00eda; Neelon,Me\u00f0 Harvard gr\u00e1\u00f0u, er veggjakrot listama\u00f0ur og kennari.<\/p>\n<p>Fyrir \u201eThe History of American Graffiti\u201c fundu \u00feeir \u00fe\u00fasundir lj\u00f3smynda, allt fr\u00e1 v\u00f6ruflutningalestum til borgarg\u00f6tur, og t\u00f3ku hundru\u00f0 vi\u00f0tala vi\u00f0 veggjakrotslistamenn, allt fr\u00e1 brautry\u00f0jendum til st\u00e6rstu stjarnanna.<\/p>\n<p>Ungt f\u00f3lk eru lykila\u00f0ilar a\u00f0 m\u00f3tun n\u00fat\u00edma veggjakrot, segir Neelon. Fyrsti n\u00fat\u00edma veggjakrotsh\u00f6fundurinn er almennt talinn vera Cornbread, menntask\u00f3lanemi fr\u00e1 F\u00edladelf\u00edu, sem \u00e1ri\u00f0 1967 byrja\u00f0i a\u00f0 merkja borgarm\u00fara til a\u00f0 n\u00e1 athygli st\u00falku. En \u00fea\u00f0 var a\u00f0eins \u00e1 n\u00edunda \u00e1ratugnum sem galler\u00ed f\u00f3ru a\u00f0 s\u00fdna veggjakrot sem listaverk.<\/p>\n<p>\u00cd dag leggja uppbo\u00f0shaldarar og safnarar \u00fat \u00fe\u00fasundir dollara fyrir veggjakrots-st\u00edl. Heimildarmynd breska g\u00f6tulistamannsins Banksys \u201eExit Through the Gift Shop\u201c (sem Gastman var r\u00e1\u00f0gjafaframlei\u00f0andi fyrir) var tilnefnd til \u00d3skarsver\u00f0launa \u00e1ri\u00f0 2011. Og \u00e1\u00f0ur en Marc Ecko og Shepard Fairey voru heimilisn\u00f6fn sem h\u00f6nnu\u00f0u f\u00f6t e\u00f0a herfer\u00f0aspj\u00f6ld fr\u00e1 Obama&nbsp;<span style=\"font-style: inherit; color: var(--ast-global-color-3); background-color: var(--ast-global-color-4);\">voru \u00feau (og eru enn einhvern t\u00edmann) g\u00f6tulistamenn.<\/span><\/p>\n<p><img loading=\"lazy\" decoding=\"async\" class=\"alignnone size-medium wp-image-694\" src=\"https:\/\/vefir.borgo.is\/marianna\/wp-content\/uploads\/2021\/10\/image1-300x225.jpeg\" alt=\"\" width=\"300\" height=\"225\" srcset=\"https:\/\/vefir.borgo.is\/marianna\/wp-content\/uploads\/2021\/10\/image1-300x225.jpeg 300w, https:\/\/vefir.borgo.is\/marianna\/wp-content\/uploads\/2021\/10\/image1.jpeg 320w\" sizes=\"auto, (max-width: 300px) 100vw, 300px\" \/><\/p>\n<p>En veggjakrot er, samkv<span style=\"font-style: inherit; color: var(--ast-global-color-3); background-color: var(--ast-global-color-4);\">\u00e6mt skilgreiningu, \u00f6grandi og opinber s\u00fdning. Gastman heldur \u00fev\u00ed fram a\u00f0 \u00fea\u00f0 s\u00e9 \u00e1unnin vir\u00f0ing og \u00fea\u00f0 s\u00e9 handverk vi\u00f0 veggjakrot sem unnin eru \u00fati \u00e1 g\u00f6tum. \u00dea\u00f0 er l\u00edka innri ni\u00f0urrif og h\u00e9g\u00f3mi \u00ed listformi sem skilgreinir sig me\u00f0 \u00fev\u00ed a\u00f0 skrifa sitt<\/span><\/p>\n<p>Neelon segir hins vegar a\u00f0 listamenn sem n\u00e1 t\u00f6kum \u00e1 \u00fev\u00ed a\u00f0 m\u00e1la \u00e1 g\u00f6tunni geti skapa\u00f0 jafnvel enn meiri vinnu \u00ed vinnustofum \u00fear sem \u00feeir hafa meiri t\u00edma, fj\u00e1rmagn og \u00feurfa ekki a\u00f0 hafa \u00e1hyggjur af ve\u00f0rinu (e\u00f0a l\u00f6greglunni). \u00dea\u00f0 sem \u00feeir g\u00e6tu tapa\u00f0 er magn f\u00f3lks sem s\u00e9r verk s\u00edn daglega.<\/p><p>Neelon segir hins vegar a\u00f0 listamenn sem n\u00e1 t\u00f6kum \u00e1 \u00fev\u00ed a\u00f0 m\u00e1la \u00e1 g\u00f6tunni geti skapa\u00f0 jafnvel enn meiri vinnu \u00ed vinnustofum \u00fear sem \u00feeir hafa meiri t\u00edma, fj\u00e1rmagn og \u00feurfa ekki a\u00f0 hafa \u00e1hyggjur af ve\u00f0rinu (e\u00f0a l\u00f6greglunni). \u00dea\u00f0 sem \u00feeir g\u00e6tu tapa\u00f0 er magn f\u00f3lks sem s\u00e9r verk s\u00edn daglega.<br><\/p>\t\t\t\t\t\t<\/div>\n\t\t\t\t<\/div>\n\t\t\t\t\t<\/div>\n\t\t<\/div>\n\t\t\t\t\t\t\t<\/div>\n\t\t<\/section>\n\t\t\t\t\t<\/div>\n\t\t<\/div>\n\t\t\t\t\t\t\t<\/div>\n\t\t<\/section>\n\t\t\t\t\t\t<\/div>\n\t\t\t\t\t<\/div>\n\t\t","protected":false},"excerpt":{"rendered":"<p>byrjunin The History of American Graffiti:\u2019 From Subway Car to Gallery S\u00ed\u00f0an sprengingin var\u00f0 \u00e1 borgarveggi og ne\u00f0anjar\u00f0arlestarb\u00edlum \u00e1 \u00e1ttunda \u00e1ratugnum hafa vaxandi vins\u00e6ldir veggjakrots sem listgreinar unni\u00f0 til vi\u00f0skiptalegs \u00e1rangurs fyrir listamenn s\u00edna og reglulega vi\u00f0veru \u00ed poppmenningu og samt\u00edmalistaheiminum. B\u00f3kin \u201eThe History of American Graffiti\u201c skr\u00e1ir \u00edtarlega \u00fer\u00f3un \u00feessarar oft umdeildu listahreyfingar um &hellip;<\/p>\n<p class=\"read-more\"> <a class=\"\" href=\"https:\/\/vefir.borgo.is\/marianna\/index.php\/biography\/\"> <span class=\"screen-reader-text\">Byrjunin<\/span> Read More &raquo;<\/a><\/p>\n","protected":false},"author":1,"featured_media":0,"parent":0,"menu_order":0,"comment_status":"closed","ping_status":"closed","template":"","meta":{"footnotes":""},"class_list":["post-394","page","type-page","status-publish","hentry"],"_links":{"self":[{"href":"https:\/\/vefir.borgo.is\/marianna\/index.php\/wp-json\/wp\/v2\/pages\/394","targetHints":{"allow":["GET"]}}],"collection":[{"href":"https:\/\/vefir.borgo.is\/marianna\/index.php\/wp-json\/wp\/v2\/pages"}],"about":[{"href":"https:\/\/vefir.borgo.is\/marianna\/index.php\/wp-json\/wp\/v2\/types\/page"}],"author":[{"embeddable":true,"href":"https:\/\/vefir.borgo.is\/marianna\/index.php\/wp-json\/wp\/v2\/users\/1"}],"replies":[{"embeddable":true,"href":"https:\/\/vefir.borgo.is\/marianna\/index.php\/wp-json\/wp\/v2\/comments?post=394"}],"version-history":[{"count":10,"href":"https:\/\/vefir.borgo.is\/marianna\/index.php\/wp-json\/wp\/v2\/pages\/394\/revisions"}],"predecessor-version":[{"id":747,"href":"https:\/\/vefir.borgo.is\/marianna\/index.php\/wp-json\/wp\/v2\/pages\/394\/revisions\/747"}],"wp:attachment":[{"href":"https:\/\/vefir.borgo.is\/marianna\/index.php\/wp-json\/wp\/v2\/media?parent=394"}],"curies":[{"name":"wp","href":"https:\/\/api.w.org\/{rel}","templated":true}]}}