{"id":8,"date":"2021-12-07T11:05:55","date_gmt":"2021-12-07T11:05:55","guid":{"rendered":"https:\/\/vefir.borgo.is\/olafurabjorgvins\/?page_id=8"},"modified":"2021-12-09T18:10:57","modified_gmt":"2021-12-09T18:10:57","slug":"elementor-8","status":"publish","type":"page","link":"https:\/\/vefir.borgo.is\/olafurabjorgvins\/","title":{"rendered":"Fors\u00ed\u00f0a"},"content":{"rendered":"\t\t<div data-elementor-type=\"wp-page\" data-elementor-id=\"8\" class=\"elementor elementor-8\" data-elementor-settings=\"[]\">\n\t\t\t\t\t\t\t<div class=\"elementor-section-wrap\">\n\t\t\t\t\t\t\t<section class=\"elementor-section elementor-top-section elementor-element elementor-element-0511b93 elementor-section-boxed elementor-section-height-default elementor-section-height-default\" data-id=\"0511b93\" data-element_type=\"section\">\n\t\t\t\t\t\t<div class=\"elementor-container elementor-column-gap-default\">\n\t\t\t\t\t<div class=\"elementor-column elementor-col-100 elementor-top-column elementor-element elementor-element-972ee3f\" data-id=\"972ee3f\" data-element_type=\"column\">\n\t\t\t<div class=\"elementor-widget-wrap elementor-element-populated\">\n\t\t\t\t\t\t\t\t<div class=\"elementor-element elementor-element-3214bd4 elementor-widget-divider--view-line elementor-widget elementor-widget-divider\" data-id=\"3214bd4\" data-element_type=\"widget\" data-widget_type=\"divider.default\">\n\t\t\t\t<div class=\"elementor-widget-container\">\n\t\t\t\t\t<div class=\"elementor-divider\">\n\t\t\t<span class=\"elementor-divider-separator\">\n\t\t\t\t\t\t<\/span>\n\t\t<\/div>\n\t\t\t\t<\/div>\n\t\t\t\t<\/div>\n\t\t\t\t\t<\/div>\n\t\t<\/div>\n\t\t\t\t\t\t\t<\/div>\n\t\t<\/section>\n\t\t\t\t<section class=\"elementor-section elementor-top-section elementor-element elementor-element-ac806e7 elementor-section-boxed elementor-section-height-default elementor-section-height-default\" data-id=\"ac806e7\" data-element_type=\"section\">\n\t\t\t\t\t\t\t<div class=\"elementor-background-overlay\"><\/div>\n\t\t\t\t\t\t\t<div class=\"elementor-container elementor-column-gap-default\">\n\t\t\t\t\t<div class=\"elementor-column elementor-col-33 elementor-top-column elementor-element elementor-element-294653b\" data-id=\"294653b\" data-element_type=\"column\">\n\t\t\t<div class=\"elementor-widget-wrap elementor-element-populated\">\n\t\t\t\t\t\t\t\t<div class=\"elementor-element elementor-element-055ab83 elementor-widget elementor-widget-image\" data-id=\"055ab83\" data-element_type=\"widget\" data-widget_type=\"image.default\">\n\t\t\t\t<div class=\"elementor-widget-container\">\n\t\t\t\t\t\t\t\t\t\t\t\t\t\t\t<img loading=\"lazy\" decoding=\"async\" width=\"3500\" height=\"3500\" src=\"https:\/\/vefir.borgo.is\/olafurabjorgvins\/wp-content\/uploads\/2021\/12\/Profile.png\" class=\"attachment-full size-full\" alt=\"\" srcset=\"https:\/\/vefir.borgo.is\/olafurabjorgvins\/wp-content\/uploads\/2021\/12\/Profile.png 3500w, https:\/\/vefir.borgo.is\/olafurabjorgvins\/wp-content\/uploads\/2021\/12\/Profile-300x300.png 300w, https:\/\/vefir.borgo.is\/olafurabjorgvins\/wp-content\/uploads\/2021\/12\/Profile-1024x1024.png 1024w, https:\/\/vefir.borgo.is\/olafurabjorgvins\/wp-content\/uploads\/2021\/12\/Profile-150x150.png 150w, https:\/\/vefir.borgo.is\/olafurabjorgvins\/wp-content\/uploads\/2021\/12\/Profile-768x768.png 768w, https:\/\/vefir.borgo.is\/olafurabjorgvins\/wp-content\/uploads\/2021\/12\/Profile-1536x1536.png 1536w, https:\/\/vefir.borgo.is\/olafurabjorgvins\/wp-content\/uploads\/2021\/12\/Profile-2048x2048.png 2048w\" sizes=\"auto, (max-width: 3500px) 100vw, 3500px\" \/>\t\t\t\t\t\t\t\t\t\t\t\t\t\t\t<\/div>\n\t\t\t\t<\/div>\n\t\t\t\t\t<\/div>\n\t\t<\/div>\n\t\t\t\t<div class=\"elementor-column elementor-col-66 elementor-top-column elementor-element elementor-element-35ef396\" data-id=\"35ef396\" data-element_type=\"column\">\n\t\t\t<div class=\"elementor-widget-wrap elementor-element-populated\">\n\t\t\t\t\t\t\t\t<div class=\"elementor-element elementor-element-2aed314 elementor-widget elementor-widget-spacer\" data-id=\"2aed314\" data-element_type=\"widget\" data-widget_type=\"spacer.default\">\n\t\t\t\t<div class=\"elementor-widget-container\">\n\t\t\t\t\t<div class=\"elementor-spacer\">\n\t\t\t<div class=\"elementor-spacer-inner\"><\/div>\n\t\t<\/div>\n\t\t\t\t<\/div>\n\t\t\t\t<\/div>\n\t\t\t\t<div class=\"elementor-element elementor-element-c95ea36 elementor-widget elementor-widget-text-editor\" data-id=\"c95ea36\" data-element_type=\"widget\" data-widget_type=\"text-editor.default\">\n\t\t\t\t<div class=\"elementor-widget-container\">\n\t\t\t\t\t\t\t<h1>\u00d3lafur A. Bj\u00f6rgvins.<\/h1>\t\t\t\t\t\t<\/div>\n\t\t\t\t<\/div>\n\t\t\t\t<div class=\"elementor-element elementor-element-8a3a345 elementor-widget elementor-widget-text-editor\" data-id=\"8a3a345\" data-element_type=\"widget\" data-widget_type=\"text-editor.default\">\n\t\t\t\t<div class=\"elementor-widget-container\">\n\t\t\t\t\t\t\t<p>\u00d3lafur er Kvikmyndager\u00f0ama\u00f0ur, klippari, graf\u00edskur h\u00f6nnu\u00f0ur, rith\u00f6fundur og nemandi \u00ed Borgarholtssk\u00f3la.<\/p><p>F\u00e6ddur 1999 me\u00f0 alvarlega miki\u00f0 hugmyndaflug og st\u00f3rt \u00edmyndurafl krydda\u00f0 vel me\u00f0 ADHD var a\u00f0eins ein m\u00f6guleg \u00fatkoma, Listgreinar.\u00a0<\/p><p>Nemandi \u00ed b\u00e6\u00f0i kvikmyndun og graf\u00edskri h\u00f6nnun, hefur \u00d3lafur afla\u00f0 s\u00e9r mikla \u00feekkingu sem hann n\u00fdtir a\u00f0 fullu \u00ed hvert skipti sem hann f\u00e6r innbl\u00e1stur.\u00a0<\/p><p>Miki\u00f0 af hans verkum hafa veri\u00f0 sett inn\u00e1 \u00feessa s\u00ed\u00f0u og YouTube r\u00e1s hans.<\/p>\t\t\t\t\t\t<\/div>\n\t\t\t\t<\/div>\n\t\t\t\t\t<\/div>\n\t\t<\/div>\n\t\t\t\t\t\t\t<\/div>\n\t\t<\/section>\n\t\t\t\t<section class=\"elementor-section elementor-top-section elementor-element elementor-element-9434a2b elementor-section-boxed elementor-section-height-default elementor-section-height-default\" data-id=\"9434a2b\" data-element_type=\"section\">\n\t\t\t\t\t\t<div class=\"elementor-container elementor-column-gap-default\">\n\t\t\t\t\t<div class=\"elementor-column elementor-col-100 elementor-top-column elementor-element elementor-element-b6af33d\" data-id=\"b6af33d\" data-element_type=\"column\">\n\t\t\t<div class=\"elementor-widget-wrap elementor-element-populated\">\n\t\t\t\t\t\t\t\t<div class=\"elementor-element elementor-element-311a0a2 elementor-widget-divider--view-line elementor-widget elementor-widget-divider\" data-id=\"311a0a2\" data-element_type=\"widget\" data-widget_type=\"divider.default\">\n\t\t\t\t<div class=\"elementor-widget-container\">\n\t\t\t\t\t<div class=\"elementor-divider\">\n\t\t\t<span class=\"elementor-divider-separator\">\n\t\t\t\t\t\t<\/span>\n\t\t<\/div>\n\t\t\t\t<\/div>\n\t\t\t\t<\/div>\n\t\t\t\t\t<\/div>\n\t\t<\/div>\n\t\t\t\t\t\t\t<\/div>\n\t\t<\/section>\n\t\t\t\t<section class=\"elementor-section elementor-top-section elementor-element elementor-element-a388244 elementor-section-boxed elementor-section-height-default elementor-section-height-default\" data-id=\"a388244\" data-element_type=\"section\">\n\t\t\t\t\t\t<div class=\"elementor-container elementor-column-gap-default\">\n\t\t\t\t\t<div class=\"elementor-column elementor-col-50 elementor-top-column elementor-element elementor-element-a464f46\" data-id=\"a464f46\" data-element_type=\"column\">\n\t\t\t<div class=\"elementor-widget-wrap elementor-element-populated\">\n\t\t\t\t\t\t\t\t<div class=\"elementor-element elementor-element-1c38dd3 elementor-widget elementor-widget-image\" data-id=\"1c38dd3\" data-element_type=\"widget\" data-widget_type=\"image.default\">\n\t\t\t\t<div class=\"elementor-widget-container\">\n\t\t\t\t\t\t\t\t\t\t\t\t\t\t\t<img loading=\"lazy\" decoding=\"async\" width=\"1024\" height=\"1024\" src=\"https:\/\/vefir.borgo.is\/olafurabjorgvins\/wp-content\/uploads\/2021\/12\/Spotifygdrn-1024x1024.png\" class=\"attachment-large size-large\" alt=\"\" srcset=\"https:\/\/vefir.borgo.is\/olafurabjorgvins\/wp-content\/uploads\/2021\/12\/Spotifygdrn-1024x1024.png 1024w, https:\/\/vefir.borgo.is\/olafurabjorgvins\/wp-content\/uploads\/2021\/12\/Spotifygdrn-300x300.png 300w, https:\/\/vefir.borgo.is\/olafurabjorgvins\/wp-content\/uploads\/2021\/12\/Spotifygdrn-150x150.png 150w, https:\/\/vefir.borgo.is\/olafurabjorgvins\/wp-content\/uploads\/2021\/12\/Spotifygdrn-768x768.png 768w, https:\/\/vefir.borgo.is\/olafurabjorgvins\/wp-content\/uploads\/2021\/12\/Spotifygdrn.png 1417w\" sizes=\"auto, (max-width: 1024px) 100vw, 1024px\" \/>\t\t\t\t\t\t\t\t\t\t\t\t\t\t\t<\/div>\n\t\t\t\t<\/div>\n\t\t\t\t<div class=\"elementor-element elementor-element-91cacd0 elementor-align-justify elementor-widget elementor-widget-button\" data-id=\"91cacd0\" data-element_type=\"widget\" data-widget_type=\"button.default\">\n\t\t\t\t<div class=\"elementor-widget-container\">\n\t\t\t\t\t<div class=\"elementor-button-wrapper\">\n\t\t\t<a href=\"https:\/\/vefir.borgo.is\/olafurabjorgvins\/index.php\/myndir\/\" class=\"elementor-button-link elementor-button elementor-size-sm\" role=\"button\">\n\t\t\t\t\t\t<span class=\"elementor-button-content-wrapper\">\n\t\t\t\t\t\t<span class=\"elementor-button-text\">Myndir<\/span>\n\t\t<\/span>\n\t\t\t\t\t<\/a>\n\t\t<\/div>\n\t\t\t\t<\/div>\n\t\t\t\t<\/div>\n\t\t\t\t\t<\/div>\n\t\t<\/div>\n\t\t\t\t<div class=\"elementor-column elementor-col-50 elementor-top-column elementor-element elementor-element-660c7ec\" data-id=\"660c7ec\" data-element_type=\"column\">\n\t\t\t<div class=\"elementor-widget-wrap elementor-element-populated\">\n\t\t\t\t\t\t\t\t<div class=\"elementor-element elementor-element-83ba31b elementor-widget elementor-widget-image\" data-id=\"83ba31b\" data-element_type=\"widget\" data-widget_type=\"image.default\">\n\t\t\t\t<div class=\"elementor-widget-container\">\n\t\t\t\t\t\t\t\t\t\t\t\t\t\t\t<img decoding=\"async\" src=\"https:\/\/vefir.borgo.is\/olafurabjorgvins\/wp-content\/plugins\/elementor\/assets\/images\/placeholder.png\" title=\"\" alt=\"\" \/>\t\t\t\t\t\t\t\t\t\t\t\t\t\t\t<\/div>\n\t\t\t\t<\/div>\n\t\t\t\t<div class=\"elementor-element elementor-element-b7a595f elementor-align-justify elementor-widget elementor-widget-button\" data-id=\"b7a595f\" data-element_type=\"widget\" data-widget_type=\"button.default\">\n\t\t\t\t<div class=\"elementor-widget-container\">\n\t\t\t\t\t<div class=\"elementor-button-wrapper\">\n\t\t\t<a href=\"https:\/\/vefir.borgo.is\/olafurabjorgvins\/index.php\/skissur\/\" class=\"elementor-button-link elementor-button elementor-size-sm\" role=\"button\">\n\t\t\t\t\t\t<span class=\"elementor-button-content-wrapper\">\n\t\t\t\t\t\t<span class=\"elementor-button-text\">Skissur<\/span>\n\t\t<\/span>\n\t\t\t\t\t<\/a>\n\t\t<\/div>\n\t\t\t\t<\/div>\n\t\t\t\t<\/div>\n\t\t\t\t\t<\/div>\n\t\t<\/div>\n\t\t\t\t\t\t\t<\/div>\n\t\t<\/section>\n\t\t\t\t<section class=\"elementor-section elementor-top-section elementor-element elementor-element-b9dc7af elementor-section-boxed elementor-section-height-default elementor-section-height-default\" data-id=\"b9dc7af\" data-element_type=\"section\">\n\t\t\t\t\t\t<div class=\"elementor-container elementor-column-gap-default\">\n\t\t\t\t\t<div class=\"elementor-column elementor-col-100 elementor-top-column elementor-element elementor-element-f24aa45\" data-id=\"f24aa45\" data-element_type=\"column\">\n\t\t\t<div class=\"elementor-widget-wrap\">\n\t\t\t\t\t\t\t\t\t<\/div>\n\t\t<\/div>\n\t\t\t\t\t\t\t<\/div>\n\t\t<\/section>\n\t\t\t\t<section class=\"elementor-section elementor-top-section elementor-element elementor-element-bb3d27e elementor-section-boxed elementor-section-height-default elementor-section-height-default\" data-id=\"bb3d27e\" data-element_type=\"section\">\n\t\t\t\t\t\t<div class=\"elementor-container elementor-column-gap-default\">\n\t\t\t\t\t<div class=\"elementor-column elementor-col-50 elementor-top-column elementor-element elementor-element-c69f1b1\" data-id=\"c69f1b1\" data-element_type=\"column\">\n\t\t\t<div class=\"elementor-widget-wrap elementor-element-populated\">\n\t\t\t\t\t\t\t\t<div class=\"elementor-element elementor-element-bf52b84 elementor-widget elementor-widget-image\" data-id=\"bf52b84\" data-element_type=\"widget\" data-widget_type=\"image.default\">\n\t\t\t\t<div class=\"elementor-widget-container\">\n\t\t\t\t\t\t\t\t\t\t\t\t\t\t\t<img loading=\"lazy\" decoding=\"async\" width=\"1024\" height=\"576\" src=\"https:\/\/vefir.borgo.is\/olafurabjorgvins\/wp-content\/uploads\/2021\/12\/Mars-1024x576.png\" class=\"attachment-large size-large\" alt=\"\" srcset=\"https:\/\/vefir.borgo.is\/olafurabjorgvins\/wp-content\/uploads\/2021\/12\/Mars-1024x576.png 1024w, https:\/\/vefir.borgo.is\/olafurabjorgvins\/wp-content\/uploads\/2021\/12\/Mars-300x169.png 300w, https:\/\/vefir.borgo.is\/olafurabjorgvins\/wp-content\/uploads\/2021\/12\/Mars-768x432.png 768w, https:\/\/vefir.borgo.is\/olafurabjorgvins\/wp-content\/uploads\/2021\/12\/Mars-1536x864.png 1536w, https:\/\/vefir.borgo.is\/olafurabjorgvins\/wp-content\/uploads\/2021\/12\/Mars.png 1920w\" sizes=\"auto, (max-width: 1024px) 100vw, 1024px\" \/>\t\t\t\t\t\t\t\t\t\t\t\t\t\t\t<\/div>\n\t\t\t\t<\/div>\n\t\t\t\t<div class=\"elementor-element elementor-element-89f26f5 elementor-align-justify elementor-widget elementor-widget-button\" data-id=\"89f26f5\" data-element_type=\"widget\" data-widget_type=\"button.default\">\n\t\t\t\t<div class=\"elementor-widget-container\">\n\t\t\t\t\t<div class=\"elementor-button-wrapper\">\n\t\t\t<a href=\"https:\/\/vefir.borgo.is\/olafurabjorgvins\/index.php\/myndbond\/\" class=\"elementor-button-link elementor-button elementor-size-sm\" role=\"button\">\n\t\t\t\t\t\t<span class=\"elementor-button-content-wrapper\">\n\t\t\t\t\t\t<span class=\"elementor-button-text\">Myndb\u00f6nd<\/span>\n\t\t<\/span>\n\t\t\t\t\t<\/a>\n\t\t<\/div>\n\t\t\t\t<\/div>\n\t\t\t\t<\/div>\n\t\t\t\t\t<\/div>\n\t\t<\/div>\n\t\t\t\t<div class=\"elementor-column elementor-col-50 elementor-top-column elementor-element elementor-element-426bc67\" data-id=\"426bc67\" data-element_type=\"column\">\n\t\t\t<div class=\"elementor-widget-wrap elementor-element-populated\">\n\t\t\t\t\t\t\t\t<div class=\"elementor-element elementor-element-2d20362 elementor-widget elementor-widget-image\" data-id=\"2d20362\" data-element_type=\"widget\" data-widget_type=\"image.default\">\n\t\t\t\t<div class=\"elementor-widget-container\">\n\t\t\t\t\t\t\t\t\t\t\t\t\t\t\t<img loading=\"lazy\" decoding=\"async\" width=\"800\" height=\"800\" src=\"https:\/\/vefir.borgo.is\/olafurabjorgvins\/wp-content\/uploads\/2021\/12\/nppic.jpg\" class=\"attachment-large size-large\" alt=\"\" srcset=\"https:\/\/vefir.borgo.is\/olafurabjorgvins\/wp-content\/uploads\/2021\/12\/nppic.jpg 800w, https:\/\/vefir.borgo.is\/olafurabjorgvins\/wp-content\/uploads\/2021\/12\/nppic-300x300.jpg 300w, https:\/\/vefir.borgo.is\/olafurabjorgvins\/wp-content\/uploads\/2021\/12\/nppic-150x150.jpg 150w, https:\/\/vefir.borgo.is\/olafurabjorgvins\/wp-content\/uploads\/2021\/12\/nppic-768x768.jpg 768w\" sizes=\"auto, (max-width: 800px) 100vw, 800px\" \/>\t\t\t\t\t\t\t\t\t\t\t\t\t\t\t<\/div>\n\t\t\t\t<\/div>\n\t\t\t\t<div class=\"elementor-element elementor-element-cb09e5e elementor-align-center elementor-widget elementor-widget-button\" data-id=\"cb09e5e\" data-element_type=\"widget\" data-widget_type=\"button.default\">\n\t\t\t\t<div class=\"elementor-widget-container\">\n\t\t\t\t\t<div class=\"elementor-button-wrapper\">\n\t\t\t<a href=\"https:\/\/www.youtube.com\/channel\/UCmPCccBKTZOPxniqzBwOPbg\" target=\"_blank\" class=\"elementor-button-link elementor-button elementor-size-sm\" role=\"button\">\n\t\t\t\t\t\t<span class=\"elementor-button-content-wrapper\">\n\t\t\t\t\t\t<span class=\"elementor-button-text\">YouTube<\/span>\n\t\t<\/span>\n\t\t\t\t\t<\/a>\n\t\t<\/div>\n\t\t\t\t<\/div>\n\t\t\t\t<\/div>\n\t\t\t\t\t<\/div>\n\t\t<\/div>\n\t\t\t\t\t\t\t<\/div>\n\t\t<\/section>\n\t\t\t\t<section class=\"elementor-section elementor-top-section elementor-element elementor-element-c8fc8d1 elementor-section-boxed elementor-section-height-default elementor-section-height-default\" data-id=\"c8fc8d1\" data-element_type=\"section\">\n\t\t\t\t\t\t<div class=\"elementor-container elementor-column-gap-default\">\n\t\t\t\t\t<div class=\"elementor-column elementor-col-100 elementor-top-column elementor-element elementor-element-d9dad3b\" data-id=\"d9dad3b\" data-element_type=\"column\">\n\t\t\t<div class=\"elementor-widget-wrap elementor-element-populated\">\n\t\t\t\t\t\t\t\t<div class=\"elementor-element elementor-element-bf08915 elementor-widget elementor-widget-spacer\" data-id=\"bf08915\" data-element_type=\"widget\" data-widget_type=\"spacer.default\">\n\t\t\t\t<div class=\"elementor-widget-container\">\n\t\t\t\t\t<div class=\"elementor-spacer\">\n\t\t\t<div class=\"elementor-spacer-inner\"><\/div>\n\t\t<\/div>\n\t\t\t\t<\/div>\n\t\t\t\t<\/div>\n\t\t\t\t\t<\/div>\n\t\t<\/div>\n\t\t\t\t\t\t\t<\/div>\n\t\t<\/section>\n\t\t\t\t\t\t<\/div>\n\t\t\t\t\t<\/div>\n\t\t","protected":false},"excerpt":{"rendered":"<p>\u00d3lafur A. Bj\u00f6rgvins. \u00d3lafur er Kvikmyndager\u00f0ama\u00f0ur, klippari, graf\u00edskur h\u00f6nnu\u00f0ur, rith\u00f6fundur og nemandi \u00ed Borgarholtssk\u00f3la. F\u00e6ddur 1999 me\u00f0 alvarlega miki\u00f0 hugmyndaflug og st\u00f3rt \u00edmyndurafl krydda\u00f0 vel me\u00f0 ADHD var a\u00f0eins ein m\u00f6guleg \u00fatkoma, Listgreinar.\u00a0 Nemandi \u00ed b\u00e6\u00f0i kvikmyndun og graf\u00edskri h\u00f6nnun, hefur \u00d3lafur afla\u00f0 s\u00e9r mikla \u00feekkingu sem hann n\u00fdtir a\u00f0 fullu \u00ed hvert skipti sem &hellip;<\/p>\n<p class=\"read-more\"> <a class=\"read-more-link\" href=\"https:\/\/vefir.borgo.is\/olafurabjorgvins\/\"> <span class=\"screen-reader-text\">Fors\u00ed\u00f0a<\/span> Read More &raquo;<\/a><\/p>\n","protected":false},"author":1,"featured_media":0,"parent":0,"menu_order":0,"comment_status":"closed","ping_status":"closed","template":"","meta":{"footnotes":""},"class_list":["post-8","page","type-page","status-publish","hentry"],"_links":{"self":[{"href":"https:\/\/vefir.borgo.is\/olafurabjorgvins\/index.php\/wp-json\/wp\/v2\/pages\/8","targetHints":{"allow":["GET"]}}],"collection":[{"href":"https:\/\/vefir.borgo.is\/olafurabjorgvins\/index.php\/wp-json\/wp\/v2\/pages"}],"about":[{"href":"https:\/\/vefir.borgo.is\/olafurabjorgvins\/index.php\/wp-json\/wp\/v2\/types\/page"}],"author":[{"embeddable":true,"href":"https:\/\/vefir.borgo.is\/olafurabjorgvins\/index.php\/wp-json\/wp\/v2\/users\/1"}],"replies":[{"embeddable":true,"href":"https:\/\/vefir.borgo.is\/olafurabjorgvins\/index.php\/wp-json\/wp\/v2\/comments?post=8"}],"version-history":[{"count":71,"href":"https:\/\/vefir.borgo.is\/olafurabjorgvins\/index.php\/wp-json\/wp\/v2\/pages\/8\/revisions"}],"predecessor-version":[{"id":240,"href":"https:\/\/vefir.borgo.is\/olafurabjorgvins\/index.php\/wp-json\/wp\/v2\/pages\/8\/revisions\/240"}],"wp:attachment":[{"href":"https:\/\/vefir.borgo.is\/olafurabjorgvins\/index.php\/wp-json\/wp\/v2\/media?parent=8"}],"curies":[{"name":"wp","href":"https:\/\/api.w.org\/{rel}","templated":true}]}}