{"id":4,"date":"2018-11-27T09:16:54","date_gmt":"2018-11-27T09:16:54","guid":{"rendered":"https:\/\/vefir.borgo.is\/ottarr-dadi\/index.php\/home\/"},"modified":"2021-12-02T16:13:26","modified_gmt":"2021-12-02T16:13:26","slug":"home","status":"publish","type":"page","link":"https:\/\/vefir.borgo.is\/ottarr-dadi\/","title":{"rendered":"Home"},"content":{"rendered":"\t\t<div data-elementor-type=\"wp-page\" data-elementor-id=\"4\" class=\"elementor elementor-4\" data-elementor-settings=\"[]\">\n\t\t\t\t\t\t\t<div class=\"elementor-section-wrap\">\n\t\t\t\t\t\t\t<section class=\"elementor-section elementor-top-section elementor-element elementor-element-c50838b elementor-section-boxed elementor-section-height-default elementor-section-height-default\" data-id=\"c50838b\" data-element_type=\"section\" data-settings=\"{&quot;background_background&quot;:&quot;classic&quot;}\">\n\t\t\t\t\t\t\t<div class=\"elementor-background-overlay\"><\/div>\n\t\t\t\t\t\t\t<div class=\"elementor-container elementor-column-gap-default\">\n\t\t\t\t\t<div class=\"elementor-column elementor-col-100 elementor-top-column elementor-element elementor-element-55b0429\" data-id=\"55b0429\" data-element_type=\"column\">\n\t\t\t<div class=\"elementor-widget-wrap elementor-element-populated\">\n\t\t\t\t\t\t\t\t<div class=\"elementor-element elementor-element-efc2ba1 elementor-widget elementor-widget-image\" data-id=\"efc2ba1\" data-element_type=\"widget\" data-widget_type=\"image.default\">\n\t\t\t\t<div class=\"elementor-widget-container\">\n\t\t\t\t\t\t\t\t\t\t\t\t\t\t\t<img loading=\"lazy\" decoding=\"async\" width=\"768\" height=\"213\" src=\"https:\/\/vefir.borgo.is\/ottarr-dadi\/wp-content\/uploads\/2021\/11\/Artboard-1@2x-e1638458439385-768x213.png\" class=\"attachment-medium_large size-medium_large\" alt=\"\" srcset=\"https:\/\/vefir.borgo.is\/ottarr-dadi\/wp-content\/uploads\/2021\/11\/Artboard-1@2x-e1638458439385-768x213.png 768w, https:\/\/vefir.borgo.is\/ottarr-dadi\/wp-content\/uploads\/2021\/11\/Artboard-1@2x-e1638458439385-300x83.png 300w, https:\/\/vefir.borgo.is\/ottarr-dadi\/wp-content\/uploads\/2021\/11\/Artboard-1@2x-e1638458439385-1024x284.png 1024w, https:\/\/vefir.borgo.is\/ottarr-dadi\/wp-content\/uploads\/2021\/11\/Artboard-1@2x-e1638458439385-1536x426.png 1536w, https:\/\/vefir.borgo.is\/ottarr-dadi\/wp-content\/uploads\/2021\/11\/Artboard-1@2x-e1638458439385.png 2048w\" sizes=\"auto, (max-width: 768px) 100vw, 768px\" \/>\t\t\t\t\t\t\t\t\t\t\t\t\t\t\t<\/div>\n\t\t\t\t<\/div>\n\t\t\t\t\t<\/div>\n\t\t<\/div>\n\t\t\t\t\t\t\t<\/div>\n\t\t<\/section>\n\t\t\t\t<section class=\"elementor-section elementor-top-section elementor-element elementor-element-3f086e6 elementor-section-boxed elementor-section-height-default elementor-section-height-default\" data-id=\"3f086e6\" data-element_type=\"section\">\n\t\t\t\t\t\t<div class=\"elementor-container elementor-column-gap-default\">\n\t\t\t\t\t<div class=\"elementor-column elementor-col-100 elementor-top-column elementor-element elementor-element-2258a94\" data-id=\"2258a94\" data-element_type=\"column\">\n\t\t\t<div class=\"elementor-widget-wrap elementor-element-populated\">\n\t\t\t\t\t\t\t\t<div class=\"elementor-element elementor-element-4a86c74 elementor-aspect-ratio-169 elementor-widget elementor-widget-video\" data-id=\"4a86c74\" data-element_type=\"widget\" data-settings=\"{&quot;youtube_url&quot;:&quot;https:\\\/\\\/www.youtube.com\\\/watch?v=lwKQuVQ9CVs&quot;,&quot;video_type&quot;:&quot;youtube&quot;,&quot;controls&quot;:&quot;yes&quot;,&quot;aspect_ratio&quot;:&quot;169&quot;}\" data-widget_type=\"video.default\">\n\t\t\t\t<div class=\"elementor-widget-container\">\n\t\t\t\t\t<div class=\"elementor-wrapper elementor-fit-aspect-ratio elementor-open-inline\">\n\t\t\t<div class=\"elementor-video\"><\/div>\t\t<\/div>\n\t\t\t\t<\/div>\n\t\t\t\t<\/div>\n\t\t\t\t\t<\/div>\n\t\t<\/div>\n\t\t\t\t\t\t\t<\/div>\n\t\t<\/section>\n\t\t\t\t<section class=\"elementor-section elementor-top-section elementor-element elementor-element-01ffef0 elementor-section-boxed elementor-section-height-default elementor-section-height-default\" data-id=\"01ffef0\" data-element_type=\"section\">\n\t\t\t\t\t\t<div class=\"elementor-container elementor-column-gap-default\">\n\t\t\t\t\t<div class=\"elementor-column elementor-col-100 elementor-top-column elementor-element elementor-element-0aa0836\" data-id=\"0aa0836\" data-element_type=\"column\">\n\t\t\t<div class=\"elementor-widget-wrap elementor-element-populated\">\n\t\t\t\t\t\t\t\t<div class=\"elementor-element elementor-element-e5e7443 elementor-widget elementor-widget-heading\" data-id=\"e5e7443\" data-element_type=\"widget\" data-widget_type=\"heading.default\">\n\t\t\t\t<div class=\"elementor-widget-container\">\n\t\t\t<h2 class=\"elementor-heading-title elementor-size-default\">Upcoming EVENTS<\/h2>\t\t<\/div>\n\t\t\t\t<\/div>\n\t\t\t\t<div class=\"elementor-element elementor-element-b2b934a elementor-widget elementor-widget-toggle\" data-id=\"b2b934a\" data-element_type=\"widget\" data-widget_type=\"toggle.default\">\n\t\t\t\t<div class=\"elementor-widget-container\">\n\t\t\t\t\t<div class=\"elementor-toggle\" role=\"tablist\">\n\t\t\t\t\t\t\t<div class=\"elementor-toggle-item\">\n\t\t\t\t\t<div id=\"elementor-tab-title-1871\" class=\"elementor-tab-title\" data-tab=\"1\" role=\"tab\" aria-controls=\"elementor-tab-content-1871\" aria-expanded=\"false\">\n\t\t\t\t\t\t\t\t\t\t\t\t<span class=\"elementor-toggle-icon elementor-toggle-icon-left\" aria-hidden=\"true\">\n\t\t\t\t\t\t\t\t\t\t\t\t\t\t\t<span class=\"elementor-toggle-icon-closed\"><i class=\"fas fa-caret-right\"><\/i><\/span>\n\t\t\t\t\t\t\t\t<span class=\"elementor-toggle-icon-opened\"><i class=\"elementor-toggle-icon-opened fas fa-caret-up\"><\/i><\/span>\n\t\t\t\t\t\t\t\t\t\t\t\t\t<\/span>\n\t\t\t\t\t\t\t\t\t\t\t\t<a href=\"\" class=\"elementor-toggle-title\">R6013 - 21.JAN<\/a>\n\t\t\t\t\t<\/div>\n\n\t\t\t\t\t<div id=\"elementor-tab-content-1871\" class=\"elementor-tab-content elementor-clearfix\" data-tab=\"1\" role=\"tabpanel\" aria-labelledby=\"elementor-tab-title-1871\"><p>Afm\u00e6list\u00f3nleikar Krownest<\/p><\/div>\n\t\t\t\t<\/div>\n\t\t\t\t\t\t\t<div class=\"elementor-toggle-item\">\n\t\t\t\t\t<div id=\"elementor-tab-title-1872\" class=\"elementor-tab-title\" data-tab=\"2\" role=\"tab\" aria-controls=\"elementor-tab-content-1872\" aria-expanded=\"false\">\n\t\t\t\t\t\t\t\t\t\t\t\t<span class=\"elementor-toggle-icon elementor-toggle-icon-left\" aria-hidden=\"true\">\n\t\t\t\t\t\t\t\t\t\t\t\t\t\t\t<span class=\"elementor-toggle-icon-closed\"><i class=\"fas fa-caret-right\"><\/i><\/span>\n\t\t\t\t\t\t\t\t<span class=\"elementor-toggle-icon-opened\"><i class=\"elementor-toggle-icon-opened fas fa-caret-up\"><\/i><\/span>\n\t\t\t\t\t\t\t\t\t\t\t\t\t<\/span>\n\t\t\t\t\t\t\t\t\t\t\t\t<a href=\"\" class=\"elementor-toggle-title\">NOR\u00d0ANP\u00d6NK - TBA<\/a>\n\t\t\t\t\t<\/div>\n\n\t\t\t\t\t<div id=\"elementor-tab-content-1872\" class=\"elementor-tab-content elementor-clearfix\" data-tab=\"2\" role=\"tabpanel\" aria-labelledby=\"elementor-tab-title-1872\"><p><strong>KROWNEST Plays the PUNKiest Festival yet to come. NOR\u00d0ANP\u00d6NK<\/strong><\/p><\/div>\n\t\t\t\t<\/div>\n\t\t\t\t\t\t\t<div class=\"elementor-toggle-item\">\n\t\t\t\t\t<div id=\"elementor-tab-title-1873\" class=\"elementor-tab-title\" data-tab=\"3\" role=\"tab\" aria-controls=\"elementor-tab-content-1873\" aria-expanded=\"false\">\n\t\t\t\t\t\t\t\t\t\t\t\t<span class=\"elementor-toggle-icon elementor-toggle-icon-left\" aria-hidden=\"true\">\n\t\t\t\t\t\t\t\t\t\t\t\t\t\t\t<span class=\"elementor-toggle-icon-closed\"><i class=\"fas fa-caret-right\"><\/i><\/span>\n\t\t\t\t\t\t\t\t<span class=\"elementor-toggle-icon-opened\"><i class=\"elementor-toggle-icon-opened fas fa-caret-up\"><\/i><\/span>\n\t\t\t\t\t\t\t\t\t\t\t\t\t<\/span>\n\t\t\t\t\t\t\t\t\t\t\t\t<a href=\"\" class=\"elementor-toggle-title\">GAUKURINN - 24.APR<\/a>\n\t\t\t\t\t<\/div>\n\n\t\t\t\t\t<div id=\"elementor-tab-content-1873\" class=\"elementor-tab-content elementor-clearfix\" data-tab=\"3\" role=\"tabpanel\" aria-labelledby=\"elementor-tab-title-1873\"><p><strong>Gugusar, Krownest and Keik\u00f3 at Gaukurinn<\/strong><\/p><\/div>\n\t\t\t\t<\/div>\n\t\t\t\t\t\t\t<div class=\"elementor-toggle-item\">\n\t\t\t\t\t<div id=\"elementor-tab-title-1874\" class=\"elementor-tab-title\" data-tab=\"4\" role=\"tab\" aria-controls=\"elementor-tab-content-1874\" aria-expanded=\"false\">\n\t\t\t\t\t\t\t\t\t\t\t\t<span class=\"elementor-toggle-icon elementor-toggle-icon-left\" aria-hidden=\"true\">\n\t\t\t\t\t\t\t\t\t\t\t\t\t\t\t<span class=\"elementor-toggle-icon-closed\"><i class=\"fas fa-caret-right\"><\/i><\/span>\n\t\t\t\t\t\t\t\t<span class=\"elementor-toggle-icon-opened\"><i class=\"elementor-toggle-icon-opened fas fa-caret-up\"><\/i><\/span>\n\t\t\t\t\t\t\t\t\t\t\t\t\t<\/span>\n\t\t\t\t\t\t\t\t\t\t\t\t<a href=\"\" class=\"elementor-toggle-title\">???<\/a>\n\t\t\t\t\t<\/div>\n\n\t\t\t\t\t<div id=\"elementor-tab-content-1874\" class=\"elementor-tab-content elementor-clearfix\" data-tab=\"4\" role=\"tabpanel\" aria-labelledby=\"elementor-tab-title-1874\"><p><em><strong>Mysteria<\/strong><\/em><\/p><\/div>\n\t\t\t\t<\/div>\n\t\t\t\t\t\t\t<div class=\"elementor-toggle-item\">\n\t\t\t\t\t<div id=\"elementor-tab-title-1875\" class=\"elementor-tab-title\" data-tab=\"5\" role=\"tab\" aria-controls=\"elementor-tab-content-1875\" aria-expanded=\"false\">\n\t\t\t\t\t\t\t\t\t\t\t\t<span class=\"elementor-toggle-icon elementor-toggle-icon-left\" aria-hidden=\"true\">\n\t\t\t\t\t\t\t\t\t\t\t\t\t\t\t<span class=\"elementor-toggle-icon-closed\"><i class=\"fas fa-caret-right\"><\/i><\/span>\n\t\t\t\t\t\t\t\t<span class=\"elementor-toggle-icon-opened\"><i class=\"elementor-toggle-icon-opened fas fa-caret-up\"><\/i><\/span>\n\t\t\t\t\t\t\t\t\t\t\t\t\t<\/span>\n\t\t\t\t\t\t\t\t\t\t\t\t<a href=\"\" class=\"elementor-toggle-title\">FLATEYRI -TBA<\/a>\n\t\t\t\t\t<\/div>\n\n\t\t\t\t\t<div id=\"elementor-tab-content-1875\" class=\"elementor-tab-content elementor-clearfix\" data-tab=\"5\" role=\"tabpanel\" aria-labelledby=\"elementor-tab-title-1875\"><p>Krownest plays with the infamous punk band Gaddav\u00edr<\/p><\/div>\n\t\t\t\t<\/div>\n\t\t\t\t\t\t\t\t<\/div>\n\t\t\t\t<\/div>\n\t\t\t\t<\/div>\n\t\t\t\t\t<\/div>\n\t\t<\/div>\n\t\t\t\t\t\t\t<\/div>\n\t\t<\/section>\n\t\t\t\t<section class=\"elementor-section elementor-top-section elementor-element elementor-element-51af88c elementor-section-boxed elementor-section-height-default elementor-section-height-default\" data-id=\"51af88c\" data-element_type=\"section\" data-settings=\"{&quot;background_background&quot;:&quot;classic&quot;}\">\n\t\t\t\t\t\t\t<div class=\"elementor-background-overlay\"><\/div>\n\t\t\t\t\t\t\t<div class=\"elementor-container elementor-column-gap-default\">\n\t\t\t\t\t<div class=\"elementor-column elementor-col-50 elementor-top-column elementor-element elementor-element-b0bec06\" data-id=\"b0bec06\" data-element_type=\"column\">\n\t\t\t<div class=\"elementor-widget-wrap elementor-element-populated\">\n\t\t\t\t\t\t\t\t<div class=\"elementor-element elementor-element-40255db elementor-widget elementor-widget-image\" data-id=\"40255db\" data-element_type=\"widget\" data-widget_type=\"image.default\">\n\t\t\t\t<div class=\"elementor-widget-container\">\n\t\t\t\t\t\t\t\t\t\t\t\t\t\t\t<img loading=\"lazy\" decoding=\"async\" width=\"828\" height=\"525\" src=\"https:\/\/vefir.borgo.is\/ottarr-dadi\/wp-content\/uploads\/2021\/12\/IMG_1752-1-e1638461555853.jpg\" class=\"attachment-full size-full\" alt=\"\" srcset=\"https:\/\/vefir.borgo.is\/ottarr-dadi\/wp-content\/uploads\/2021\/12\/IMG_1752-1-e1638461555853.jpg 828w, https:\/\/vefir.borgo.is\/ottarr-dadi\/wp-content\/uploads\/2021\/12\/IMG_1752-1-e1638461555853-300x190.jpg 300w, https:\/\/vefir.borgo.is\/ottarr-dadi\/wp-content\/uploads\/2021\/12\/IMG_1752-1-e1638461555853-768x487.jpg 768w\" sizes=\"auto, (max-width: 828px) 100vw, 828px\" \/>\t\t\t\t\t\t\t\t\t\t\t\t\t\t\t<\/div>\n\t\t\t\t<\/div>\n\t\t\t\t\t<\/div>\n\t\t<\/div>\n\t\t\t\t<div class=\"elementor-column elementor-col-50 elementor-top-column elementor-element elementor-element-a9a69dd\" data-id=\"a9a69dd\" data-element_type=\"column\">\n\t\t\t<div class=\"elementor-widget-wrap elementor-element-populated\">\n\t\t\t\t\t\t\t\t<div class=\"elementor-element elementor-element-903dcf2 elementor-widget elementor-widget-heading\" data-id=\"903dcf2\" data-element_type=\"widget\" data-widget_type=\"heading.default\">\n\t\t\t\t<div class=\"elementor-widget-container\">\n\t\t\t<h2 class=\"elementor-heading-title elementor-size-default\">We are KROWNEST<\/h2>\t\t<\/div>\n\t\t\t\t<\/div>\n\t\t\t\t<div class=\"elementor-element elementor-element-90a3b11 elementor-widget elementor-widget-text-editor\" data-id=\"90a3b11\" data-element_type=\"widget\" data-widget_type=\"text-editor.default\">\n\t\t\t\t<div class=\"elementor-widget-container\">\n\t\t\t\t\t\t\t<p><strong>Krownest is a hardcore metal band based in Iceland that uses its melodic influences to create heart crushing sounds while also delivering heavy, powerful breakdowns that are sure to start up a pit in no time! After releasing their selftitled debut EP, Krownest stayed several weeks at the top charts of the radio station X-977 and sold vinyl copies of the album through Reykjav\u00edk Record Shop. Krownest is now putting the finishing touches on their first full length album with hopes of releasing some time next year.<\/strong><\/p>\t\t\t\t\t\t<\/div>\n\t\t\t\t<\/div>\n\t\t\t\t\t<\/div>\n\t\t<\/div>\n\t\t\t\t\t\t\t<\/div>\n\t\t<\/section>\n\t\t\t\t<section class=\"elementor-section elementor-top-section elementor-element elementor-element-634c74a elementor-section-boxed elementor-section-height-default elementor-section-height-default\" data-id=\"634c74a\" data-element_type=\"section\">\n\t\t\t\t\t\t<div class=\"elementor-container elementor-column-gap-default\">\n\t\t\t\t\t<div class=\"elementor-column elementor-col-100 elementor-top-column elementor-element elementor-element-24a2950\" data-id=\"24a2950\" data-element_type=\"column\">\n\t\t\t<div class=\"elementor-widget-wrap elementor-element-populated\">\n\t\t\t\t\t\t\t\t<div class=\"elementor-element elementor-element-b538d40 elementor-widget elementor-widget-heading\" data-id=\"b538d40\" data-element_type=\"widget\" data-widget_type=\"heading.default\">\n\t\t\t\t<div class=\"elementor-widget-container\">\n\t\t\t<h2 class=\"elementor-heading-title elementor-size-default\">Photo gallery<\/h2>\t\t<\/div>\n\t\t\t\t<\/div>\n\t\t\t\t<div class=\"elementor-element elementor-element-1224e1b elementor-widget elementor-widget-image-gallery\" data-id=\"1224e1b\" data-element_type=\"widget\" data-widget_type=\"image-gallery.default\">\n\t\t\t\t<div class=\"elementor-widget-container\">\n\t\t\t\t\t<div class=\"elementor-image-gallery\">\n\t\t\t<div id='gallery-1' class='gallery galleryid-4 gallery-columns-3 gallery-size-thumbnail'><figure class='gallery-item'>\n\t\t\t<div class='gallery-icon portrait'>\n\t\t\t\t<a data-elementor-open-lightbox=\"yes\" data-elementor-lightbox-slideshow=\"1224e1b\" data-elementor-lightbox-title=\"IMG_1757\" href='https:\/\/vefir.borgo.is\/ottarr-dadi\/wp-content\/uploads\/2021\/12\/IMG_1757.jpg'><img loading=\"lazy\" decoding=\"async\" width=\"150\" height=\"150\" src=\"https:\/\/vefir.borgo.is\/ottarr-dadi\/wp-content\/uploads\/2021\/12\/IMG_1757-150x150.jpg\" class=\"attachment-thumbnail size-thumbnail\" alt=\"\" aria-describedby=\"gallery-1-1097\" \/><\/a>\n\t\t\t<\/div>\n\t\t\t\t<figcaption class='wp-caption-text gallery-caption' id='gallery-1-1097'>\n\t\t\t\tSelf Titled EP OUT NOW!\n\t\t\t\t<\/figcaption><\/figure><figure class='gallery-item'>\n\t\t\t<div class='gallery-icon landscape'>\n\t\t\t\t<a data-elementor-open-lightbox=\"yes\" data-elementor-lightbox-slideshow=\"1224e1b\" data-elementor-lightbox-title=\"IMG_1752\" href='https:\/\/vefir.borgo.is\/ottarr-dadi\/wp-content\/uploads\/2021\/12\/IMG_1752-1-e1638461555853.jpg'><img loading=\"lazy\" decoding=\"async\" width=\"150\" height=\"150\" src=\"https:\/\/vefir.borgo.is\/ottarr-dadi\/wp-content\/uploads\/2021\/12\/IMG_1752-1-e1638461555853-150x150.jpg\" class=\"attachment-thumbnail size-thumbnail\" alt=\"\" \/><\/a>\n\t\t\t<\/div><\/figure><figure class='gallery-item'>\n\t\t\t<div class='gallery-icon landscape'>\n\t\t\t\t<a data-elementor-open-lightbox=\"yes\" data-elementor-lightbox-slideshow=\"1224e1b\" data-elementor-lightbox-title=\"IMG_1756\" href='https:\/\/vefir.borgo.is\/ottarr-dadi\/wp-content\/uploads\/2021\/12\/IMG_1756.jpg'><img loading=\"lazy\" decoding=\"async\" width=\"150\" height=\"150\" src=\"https:\/\/vefir.borgo.is\/ottarr-dadi\/wp-content\/uploads\/2021\/12\/IMG_1756-150x150.jpg\" class=\"attachment-thumbnail size-thumbnail\" alt=\"\" aria-describedby=\"gallery-1-1102\" \/><\/a>\n\t\t\t<\/div>\n\t\t\t\t<figcaption class='wp-caption-text gallery-caption' id='gallery-1-1102'>\n\t\t\t\tAri El\u00edas &#8211; Vocals and Guitar\n\t\t\t\t<\/figcaption><\/figure><figure class='gallery-item'>\n\t\t\t<div class='gallery-icon landscape'>\n\t\t\t\t<a data-elementor-open-lightbox=\"yes\" data-elementor-lightbox-slideshow=\"1224e1b\" data-elementor-lightbox-title=\"IMG_1755\" href='https:\/\/vefir.borgo.is\/ottarr-dadi\/wp-content\/uploads\/2021\/12\/IMG_1755.jpg'><img loading=\"lazy\" decoding=\"async\" width=\"150\" height=\"150\" src=\"https:\/\/vefir.borgo.is\/ottarr-dadi\/wp-content\/uploads\/2021\/12\/IMG_1755-150x150.jpg\" class=\"attachment-thumbnail size-thumbnail\" alt=\"\" aria-describedby=\"gallery-1-1101\" \/><\/a>\n\t\t\t<\/div>\n\t\t\t\t<figcaption class='wp-caption-text gallery-caption' id='gallery-1-1101'>\n\t\t\t\t\u00d3ttarr Propp\u00e9 &#8211; Lead Guitar\n\t\t\t\t<\/figcaption><\/figure><figure class='gallery-item'>\n\t\t\t<div class='gallery-icon landscape'>\n\t\t\t\t<a data-elementor-open-lightbox=\"yes\" data-elementor-lightbox-slideshow=\"1224e1b\" data-elementor-lightbox-title=\"IMG_1753\" href='https:\/\/vefir.borgo.is\/ottarr-dadi\/wp-content\/uploads\/2021\/12\/IMG_1753.jpg'><img loading=\"lazy\" decoding=\"async\" width=\"150\" height=\"150\" src=\"https:\/\/vefir.borgo.is\/ottarr-dadi\/wp-content\/uploads\/2021\/12\/IMG_1753-150x150.jpg\" class=\"attachment-thumbnail size-thumbnail\" alt=\"\" aria-describedby=\"gallery-1-1099\" \/><\/a>\n\t\t\t<\/div>\n\t\t\t\t<figcaption class='wp-caption-text gallery-caption' id='gallery-1-1099'>\n\t\t\t\tGu\u00f0mundur Hermann &#8211; Bass\n\t\t\t\t<\/figcaption><\/figure><figure class='gallery-item'>\n\t\t\t<div class='gallery-icon landscape'>\n\t\t\t\t<a data-elementor-open-lightbox=\"yes\" data-elementor-lightbox-slideshow=\"1224e1b\" data-elementor-lightbox-title=\"IMG_1754\" href='https:\/\/vefir.borgo.is\/ottarr-dadi\/wp-content\/uploads\/2021\/12\/IMG_1754.jpg'><img loading=\"lazy\" decoding=\"async\" width=\"150\" height=\"150\" src=\"https:\/\/vefir.borgo.is\/ottarr-dadi\/wp-content\/uploads\/2021\/12\/IMG_1754-150x150.jpg\" class=\"attachment-thumbnail size-thumbnail\" alt=\"\" aria-describedby=\"gallery-1-1100\" \/><\/a>\n\t\t\t<\/div>\n\t\t\t\t<figcaption class='wp-caption-text gallery-caption' id='gallery-1-1100'>\n\t\t\t\t\u00c1rni J\u00f6kull &#8211; Drums\n\t\t\t\t<\/figcaption><\/figure><figure class='gallery-item'>\n\t\t\t<div class='gallery-icon portrait'>\n\t\t\t\t<a data-elementor-open-lightbox=\"yes\" data-elementor-lightbox-slideshow=\"1224e1b\" data-elementor-lightbox-title=\"Kamla KnnRKR\u00d3-05\" href='https:\/\/vefir.borgo.is\/ottarr-dadi\/wp-content\/uploads\/2021\/12\/Kamla-KnnRKRO-05.png'><img loading=\"lazy\" decoding=\"async\" width=\"150\" height=\"150\" src=\"https:\/\/vefir.borgo.is\/ottarr-dadi\/wp-content\/uploads\/2021\/12\/Kamla-KnnRKRO-05-150x150.png\" class=\"attachment-thumbnail size-thumbnail\" alt=\"\" aria-describedby=\"gallery-1-1109\" \/><\/a>\n\t\t\t<\/div>\n\t\t\t\t<figcaption class='wp-caption-text gallery-caption' id='gallery-1-1109'>\n\t\t\t\tAbandoned\n\t\t\t\t<\/figcaption><\/figure><figure class='gallery-item'>\n\t\t\t<div class='gallery-icon landscape'>\n\t\t\t\t<a data-elementor-open-lightbox=\"yes\" data-elementor-lightbox-slideshow=\"1224e1b\" data-elementor-lightbox-title=\"IMG_1181\" href='https:\/\/vefir.borgo.is\/ottarr-dadi\/wp-content\/uploads\/2021\/12\/IMG_1181.png'><img loading=\"lazy\" decoding=\"async\" width=\"150\" height=\"150\" src=\"https:\/\/vefir.borgo.is\/ottarr-dadi\/wp-content\/uploads\/2021\/12\/IMG_1181-150x150.png\" class=\"attachment-thumbnail size-thumbnail\" alt=\"\" aria-describedby=\"gallery-1-1108\" srcset=\"https:\/\/vefir.borgo.is\/ottarr-dadi\/wp-content\/uploads\/2021\/12\/IMG_1181-150x150.png 150w, https:\/\/vefir.borgo.is\/ottarr-dadi\/wp-content\/uploads\/2021\/12\/IMG_1181-300x300.png 300w, https:\/\/vefir.borgo.is\/ottarr-dadi\/wp-content\/uploads\/2021\/12\/IMG_1181-1024x1024.png 1024w, https:\/\/vefir.borgo.is\/ottarr-dadi\/wp-content\/uploads\/2021\/12\/IMG_1181-768x768.png 768w, https:\/\/vefir.borgo.is\/ottarr-dadi\/wp-content\/uploads\/2021\/12\/IMG_1181-1536x1536.png 1536w, https:\/\/vefir.borgo.is\/ottarr-dadi\/wp-content\/uploads\/2021\/12\/IMG_1181-2048x2048.png 2048w\" sizes=\"auto, (max-width: 150px) 100vw, 150px\" \/><\/a>\n\t\t\t<\/div>\n\t\t\t\t<figcaption class='wp-caption-text gallery-caption' id='gallery-1-1108'>\n\t\t\t\tDiabolique\n\t\t\t\t<\/figcaption><\/figure><figure class='gallery-item'>\n\t\t\t<div class='gallery-icon landscape'>\n\t\t\t\t<a data-elementor-open-lightbox=\"yes\" data-elementor-lightbox-slideshow=\"1224e1b\" data-elementor-lightbox-title=\"IMG_0109\" href='https:\/\/vefir.borgo.is\/ottarr-dadi\/wp-content\/uploads\/2021\/12\/IMG_0109.jpg'><img loading=\"lazy\" decoding=\"async\" width=\"150\" height=\"150\" src=\"https:\/\/vefir.borgo.is\/ottarr-dadi\/wp-content\/uploads\/2021\/12\/IMG_0109-150x150.jpg\" class=\"attachment-thumbnail size-thumbnail\" alt=\"\" aria-describedby=\"gallery-1-1107\" \/><\/a>\n\t\t\t<\/div>\n\t\t\t\t<figcaption class='wp-caption-text gallery-caption' id='gallery-1-1107'>\n\t\t\t\tAnnie\n\t\t\t\t<\/figcaption><\/figure><figure class='gallery-item'>\n\t\t\t<div class='gallery-icon landscape'>\n\t\t\t\t<a data-elementor-open-lightbox=\"yes\" data-elementor-lightbox-slideshow=\"1224e1b\" data-elementor-lightbox-title=\"IMG_1746\" href='https:\/\/vefir.borgo.is\/ottarr-dadi\/wp-content\/uploads\/2021\/12\/IMG_1746.jpg'><img loading=\"lazy\" decoding=\"async\" width=\"150\" height=\"150\" src=\"https:\/\/vefir.borgo.is\/ottarr-dadi\/wp-content\/uploads\/2021\/12\/IMG_1746-150x150.jpg\" class=\"attachment-thumbnail size-thumbnail\" alt=\"\" aria-describedby=\"gallery-1-1104\" \/><\/a>\n\t\t\t<\/div>\n\t\t\t\t<figcaption class='wp-caption-text gallery-caption' id='gallery-1-1104'>\n\t\t\t\tGaukurinn Summer 2021\n\t\t\t\t<\/figcaption><\/figure><figure class='gallery-item'>\n\t\t\t<div class='gallery-icon landscape'>\n\t\t\t\t<a data-elementor-open-lightbox=\"yes\" data-elementor-lightbox-slideshow=\"1224e1b\" data-elementor-lightbox-title=\"IMG_1745\" href='https:\/\/vefir.borgo.is\/ottarr-dadi\/wp-content\/uploads\/2021\/12\/IMG_1745.jpg'><img loading=\"lazy\" decoding=\"async\" width=\"150\" height=\"150\" src=\"https:\/\/vefir.borgo.is\/ottarr-dadi\/wp-content\/uploads\/2021\/12\/IMG_1745-150x150.jpg\" class=\"attachment-thumbnail size-thumbnail\" alt=\"\" aria-describedby=\"gallery-1-1103\" srcset=\"https:\/\/vefir.borgo.is\/ottarr-dadi\/wp-content\/uploads\/2021\/12\/IMG_1745-150x150.jpg 150w, https:\/\/vefir.borgo.is\/ottarr-dadi\/wp-content\/uploads\/2021\/12\/IMG_1745-300x297.jpg 300w\" sizes=\"auto, (max-width: 150px) 100vw, 150px\" \/><\/a>\n\t\t\t<\/div>\n\t\t\t\t<figcaption class='wp-caption-text gallery-caption' id='gallery-1-1103'>\n\t\t\t\tGaukurinn Summer 2021\n\t\t\t\t<\/figcaption><\/figure><figure class='gallery-item'>\n\t\t\t<div class='gallery-icon landscape'>\n\t\t\t\t<a data-elementor-open-lightbox=\"yes\" data-elementor-lightbox-slideshow=\"1224e1b\" data-elementor-lightbox-title=\"IMG_1747\" href='https:\/\/vefir.borgo.is\/ottarr-dadi\/wp-content\/uploads\/2021\/12\/IMG_1747.jpg'><img loading=\"lazy\" decoding=\"async\" width=\"150\" height=\"150\" src=\"https:\/\/vefir.borgo.is\/ottarr-dadi\/wp-content\/uploads\/2021\/12\/IMG_1747-150x150.jpg\" class=\"attachment-thumbnail size-thumbnail\" alt=\"\" aria-describedby=\"gallery-1-1105\" \/><\/a>\n\t\t\t<\/div>\n\t\t\t\t<figcaption class='wp-caption-text gallery-caption' id='gallery-1-1105'>\n\t\t\t\tGaukurinn Summer 2021\n\t\t\t\t<\/figcaption><\/figure><figure class='gallery-item'>\n\t\t\t<div class='gallery-icon landscape'>\n\t\t\t\t<a data-elementor-open-lightbox=\"yes\" data-elementor-lightbox-slideshow=\"1224e1b\" data-elementor-lightbox-title=\"IMG_1758\" href='https:\/\/vefir.borgo.is\/ottarr-dadi\/wp-content\/uploads\/2021\/12\/IMG_1758.jpg'><img loading=\"lazy\" decoding=\"async\" width=\"150\" height=\"150\" src=\"https:\/\/vefir.borgo.is\/ottarr-dadi\/wp-content\/uploads\/2021\/12\/IMG_1758-150x150.jpg\" class=\"attachment-thumbnail size-thumbnail\" alt=\"\" aria-describedby=\"gallery-1-1106\" srcset=\"https:\/\/vefir.borgo.is\/ottarr-dadi\/wp-content\/uploads\/2021\/12\/IMG_1758-150x150.jpg 150w, https:\/\/vefir.borgo.is\/ottarr-dadi\/wp-content\/uploads\/2021\/12\/IMG_1758-300x297.jpg 300w\" sizes=\"auto, (max-width: 150px) 100vw, 150px\" \/><\/a>\n\t\t\t<\/div>\n\t\t\t\t<figcaption class='wp-caption-text gallery-caption' id='gallery-1-1106'>\n\t\t\t\tGaukurinn Summer 2021\n\t\t\t\t<\/figcaption><\/figure>\n\t\t<\/div>\n\t\t<\/div>\n\t\t\t\t<\/div>\n\t\t\t\t<\/div>\n\t\t\t\t\t<\/div>\n\t\t<\/div>\n\t\t\t\t\t\t\t<\/div>\n\t\t<\/section>\n\t\t\t\t\t\t<\/div>\n\t\t\t\t\t<\/div>\n\t\t","protected":false},"excerpt":{"rendered":"<p>Upcoming EVENTS R6013 &#8211; 21.JAN Afm\u00e6list\u00f3nleikar Krownest NOR\u00d0ANP\u00d6NK &#8211; TBA KROWNEST Plays the PUNKiest Festival yet to come. NOR\u00d0ANP\u00d6NK GAUKURINN &#8211; 24.APR Gugusar, Krownest and Keik\u00f3 at Gaukurinn ??? Mysteria FLATEYRI -TBA Krownest plays with the infamous punk band Gaddav\u00edr We are KROWNEST Krownest is a hardcore metal band based in Iceland that uses its &hellip;<\/p>\n<p class=\"read-more\"> <a class=\"\" href=\"https:\/\/vefir.borgo.is\/ottarr-dadi\/\"> <span class=\"screen-reader-text\">Home<\/span> Read More &raquo;<\/a><\/p>\n","protected":false},"author":1,"featured_media":1075,"parent":0,"menu_order":0,"comment_status":"closed","ping_status":"closed","template":"","meta":{"footnotes":""},"class_list":["post-4","page","type-page","status-publish","has-post-thumbnail","hentry"],"_links":{"self":[{"href":"https:\/\/vefir.borgo.is\/ottarr-dadi\/index.php\/wp-json\/wp\/v2\/pages\/4","targetHints":{"allow":["GET"]}}],"collection":[{"href":"https:\/\/vefir.borgo.is\/ottarr-dadi\/index.php\/wp-json\/wp\/v2\/pages"}],"about":[{"href":"https:\/\/vefir.borgo.is\/ottarr-dadi\/index.php\/wp-json\/wp\/v2\/types\/page"}],"author":[{"embeddable":true,"href":"https:\/\/vefir.borgo.is\/ottarr-dadi\/index.php\/wp-json\/wp\/v2\/users\/1"}],"replies":[{"embeddable":true,"href":"https:\/\/vefir.borgo.is\/ottarr-dadi\/index.php\/wp-json\/wp\/v2\/comments?post=4"}],"version-history":[{"count":27,"href":"https:\/\/vefir.borgo.is\/ottarr-dadi\/index.php\/wp-json\/wp\/v2\/pages\/4\/revisions"}],"predecessor-version":[{"id":1119,"href":"https:\/\/vefir.borgo.is\/ottarr-dadi\/index.php\/wp-json\/wp\/v2\/pages\/4\/revisions\/1119"}],"wp:featuredmedia":[{"embeddable":true,"href":"https:\/\/vefir.borgo.is\/ottarr-dadi\/index.php\/wp-json\/wp\/v2\/media\/1075"}],"wp:attachment":[{"href":"https:\/\/vefir.borgo.is\/ottarr-dadi\/index.php\/wp-json\/wp\/v2\/media?parent=4"}],"curies":[{"name":"wp","href":"https:\/\/api.w.org\/{rel}","templated":true}]}}