{"id":337,"date":"2021-11-02T11:43:16","date_gmt":"2021-11-02T11:43:16","guid":{"rendered":"https:\/\/vefir.borgo.is\/soley-hunang\/?page_id=337"},"modified":"2021-11-02T12:26:00","modified_gmt":"2021-11-02T12:26:00","slug":"saga-hunangsvatns","status":"publish","type":"page","link":"https:\/\/vefir.borgo.is\/soley-hunang\/index.php\/saga-hunangsvatns\/","title":{"rendered":"Saga Hunangsvatns"},"content":{"rendered":"\t\t<div data-elementor-type=\"wp-page\" data-elementor-id=\"337\" class=\"elementor elementor-337\" data-elementor-settings=\"[]\">\n\t\t\t\t\t\t\t<div class=\"elementor-section-wrap\">\n\t\t\t\t\t\t\t<section class=\"elementor-section elementor-top-section elementor-element elementor-element-dc6689e elementor-section-full_width elementor-section-height-min-height elementor-section-height-default elementor-section-items-middle\" data-id=\"dc6689e\" data-element_type=\"section\" data-settings=\"{&quot;background_background&quot;:&quot;classic&quot;}\">\n\t\t\t\t\t\t\t<div class=\"elementor-background-overlay\"><\/div>\n\t\t\t\t\t\t\t<div class=\"elementor-container elementor-column-gap-default\">\n\t\t\t\t\t<div class=\"elementor-column elementor-col-50 elementor-top-column elementor-element elementor-element-87d0728\" data-id=\"87d0728\" data-element_type=\"column\">\n\t\t\t<div class=\"elementor-widget-wrap elementor-element-populated\">\n\t\t\t\t\t\t\t\t<div class=\"elementor-element elementor-element-ffe0016 elementor-widget__width-initial elementor-widget elementor-widget-heading\" data-id=\"ffe0016\" data-element_type=\"widget\" data-widget_type=\"heading.default\">\n\t\t\t\t<div class=\"elementor-widget-container\">\n\t\t\t<h1 class=\"elementor-heading-title elementor-size-default\">Saga Hunangsvatns<\/h1>\t\t<\/div>\n\t\t\t\t<\/div>\n\t\t\t\t\t<\/div>\n\t\t<\/div>\n\t\t\t\t<div class=\"elementor-column elementor-col-50 elementor-top-column elementor-element elementor-element-d68151c\" data-id=\"d68151c\" data-element_type=\"column\" data-settings=\"{&quot;background_background&quot;:&quot;classic&quot;}\">\n\t\t\t<div class=\"elementor-widget-wrap elementor-element-populated\">\n\t\t\t\t\t\t\t\t<div class=\"elementor-element elementor-element-a1403d5 elementor-widget elementor-widget-text-editor\" data-id=\"a1403d5\" data-element_type=\"widget\" data-widget_type=\"text-editor.default\">\n\t\t\t\t<div class=\"elementor-widget-container\">\n\t\t\t\t\t\t\t<p><strong>Lorem ipsum dolor sit amet, consectetur adipiscing elit. Ut elit tellus, luctus nec ullamcorper mattis, pulvinar dapibus leo.<\/strong><\/p><p><strong>Lorem ipsum dolor sit amet, consectetur adipiscing elit. Ut elit tellus, luctus nec ullamcorper mattis, pulvinar dapibus leo.<\/strong><\/p>\t\t\t\t\t\t<\/div>\n\t\t\t\t<\/div>\n\t\t\t\t\t<\/div>\n\t\t<\/div>\n\t\t\t\t\t\t\t<\/div>\n\t\t<\/section>\n\t\t\t\t<section class=\"elementor-section elementor-top-section elementor-element elementor-element-d938756 elementor-section-boxed elementor-section-height-default elementor-section-height-default\" data-id=\"d938756\" data-element_type=\"section\">\n\t\t\t\t\t\t<div class=\"elementor-container elementor-column-gap-default\">\n\t\t\t\t\t<div class=\"elementor-column elementor-col-100 elementor-top-column elementor-element elementor-element-662d8af\" data-id=\"662d8af\" data-element_type=\"column\">\n\t\t\t<div class=\"elementor-widget-wrap elementor-element-populated\">\n\t\t\t\t\t\t\t\t<div class=\"elementor-element elementor-element-c6126df elementor-widget elementor-widget-text-editor\" data-id=\"c6126df\" data-element_type=\"widget\" data-widget_type=\"text-editor.default\">\n\t\t\t\t<div class=\"elementor-widget-container\">\n\t\t\t\t\t\t\t<p>Lorem ipsum dolor sit amet, consectetur adipiscing elit. Ut elit tellus, luctus nec ullamcorper mattis, pulvinar dapibus leo. jest tekstem stosowanym jako przyk\u0142adowy wype\u0142niacz w przemy\u015ble poligraficznym. Zosta\u0142 po raz pierwszy u\u017cyty w XV w. przez nieznanego drukarza do wype\u0142nienia tekstem pr\u00f3bnej ksi\u0105\u017cki. Pi\u0119\u0107 wiek\u00f3w p\u00f3\u017aniej zacz\u0105\u0142 by\u0107 u\u017cywany przemy\u015ble elektronicznym, pozostaj\u0105c praktycznie niezmienionym. Spopularyzowa\u0142 si\u0119 w latach 60. XX w.\u00a0<\/p><p>wraz z publikacj\u0105 arkuszy Letrasetu, zawieraj\u0105cych fragmenty Lorem Ipsum, a ostatnio z zawieraj\u0105cym r\u00f3\u017cne wersje Lorem Ipsum oprogramowaniem przeznaczonym do realizacji druk\u00f3w na komputerach osobistych, jak Aldus PageMakerjest tekstem stosowanym jako przyk\u0142adowy wype\u0142niacz w przemy\u015ble poligraficznym. Zosta\u0142 po raz pierwszy u\u017cyty w XV w.\u00a0<\/p><p>przez nieznanego drukarza do wype\u0142nienia tekstem pr\u00f3bnej ksi\u0105\u017cki. Pi\u0119\u0107 wiek\u00f3w p\u00f3\u017aniej zacz\u0105\u0142 by\u0107 u\u017cywany przemy\u015ble elektronicznym, pozostaj\u0105c praktycznie niezmienionym. Spopularyzowa\u0142 si\u0119 w latach 60. XX w. wraz z publikacj\u0105 arkuszy Letrasetu, zawieraj\u0105cych fragmenty Lorem Ipsum, a ostatnio z zawieraj\u0105cym r\u00f3\u017cne wersje Lorem Ipsum oprogramowaniem przeznaczonym do realizacji druk\u00f3w na komputerach osobistych, jak Aldus PageMaker<\/p>\t\t\t\t\t\t<\/div>\n\t\t\t\t<\/div>\n\t\t\t\t\t<\/div>\n\t\t<\/div>\n\t\t\t\t\t\t\t<\/div>\n\t\t<\/section>\n\t\t\t\t\t\t<\/div>\n\t\t\t\t\t<\/div>\n\t\t","protected":false},"excerpt":{"rendered":"<p>Saga Hunangsvatns Lorem ipsum dolor sit amet, consectetur adipiscing elit. Ut elit tellus, luctus nec ullamcorper mattis, pulvinar dapibus leo. Lorem ipsum dolor sit amet, consectetur adipiscing elit. Ut elit tellus, luctus nec ullamcorper mattis, pulvinar dapibus leo. Lorem ipsum dolor sit amet, consectetur adipiscing elit. Ut elit tellus, luctus nec ullamcorper mattis, pulvinar dapibus &hellip;<\/p>\n<p class=\"read-more\"> <a class=\"\" href=\"https:\/\/vefir.borgo.is\/soley-hunang\/index.php\/saga-hunangsvatns\/\"> <span class=\"screen-reader-text\">Saga Hunangsvatns<\/span> Read More &raquo;<\/a><\/p>\n","protected":false},"author":1,"featured_media":0,"parent":0,"menu_order":0,"comment_status":"closed","ping_status":"closed","template":"","meta":{"footnotes":""},"class_list":["post-337","page","type-page","status-publish","hentry"],"_links":{"self":[{"href":"https:\/\/vefir.borgo.is\/soley-hunang\/index.php\/wp-json\/wp\/v2\/pages\/337","targetHints":{"allow":["GET"]}}],"collection":[{"href":"https:\/\/vefir.borgo.is\/soley-hunang\/index.php\/wp-json\/wp\/v2\/pages"}],"about":[{"href":"https:\/\/vefir.borgo.is\/soley-hunang\/index.php\/wp-json\/wp\/v2\/types\/page"}],"author":[{"embeddable":true,"href":"https:\/\/vefir.borgo.is\/soley-hunang\/index.php\/wp-json\/wp\/v2\/users\/1"}],"replies":[{"embeddable":true,"href":"https:\/\/vefir.borgo.is\/soley-hunang\/index.php\/wp-json\/wp\/v2\/comments?post=337"}],"version-history":[{"count":19,"href":"https:\/\/vefir.borgo.is\/soley-hunang\/index.php\/wp-json\/wp\/v2\/pages\/337\/revisions"}],"predecessor-version":[{"id":375,"href":"https:\/\/vefir.borgo.is\/soley-hunang\/index.php\/wp-json\/wp\/v2\/pages\/337\/revisions\/375"}],"wp:attachment":[{"href":"https:\/\/vefir.borgo.is\/soley-hunang\/index.php\/wp-json\/wp\/v2\/media?parent=337"}],"curies":[{"name":"wp","href":"https:\/\/api.w.org\/{rel}","templated":true}]}}